{"id":2628,"date":"2019-04-11T17:22:10","date_gmt":"2019-04-11T20:22:10","guid":{"rendered":"https:\/\/hugo.org.br\/?page_id=2628"},"modified":"2024-08-05T15:09:47","modified_gmt":"2024-08-05T18:09:47","slug":"sau","status":"publish","type":"page","link":"https:\/\/hugo.org.br\/termodecolaboracao542024\/sau\/","title":{"rendered":"SAU &#8211; Servi\u00e7o de Atendimento ao Usu\u00e1rio"},"content":{"rendered":"<p>[et_pb_section fb_built=&#8221;1&#8243; _builder_version=&#8221;4.16&#8243; min_height=&#8221;1469px&#8221; global_colors_info=&#8221;{}&#8221;][et_pb_row _builder_version=&#8221;4.16&#8243; global_colors_info=&#8221;{}&#8221;][et_pb_column type=&#8221;4_4&#8243; _builder_version=&#8221;4.16&#8243; custom_padding=&#8221;|||&#8221; global_colors_info=&#8221;{}&#8221; custom_padding__hover=&#8221;|||&#8221;][et_pb_text _builder_version=&#8221;4.16&#8243; text_font=&#8221;|300|||||||&#8221; global_colors_info=&#8221;{}&#8221;]<\/p>\n<p>Voc\u00ea est\u00e1 aqui: <a href=\"https:\/\/hugo.org.br\/termodecolaboracao542024\">Home<\/a> &gt; SAU <span>\u2013 <\/span>Servi\u00e7o de Atendimento ao Usu\u00e1rio<\/p>\n<p>[\/et_pb_text][et_pb_text _builder_version=&#8221;4.17.4&#8243; _dynamic_attributes=&#8221;content&#8221; text_font=&#8221;Montserrat||||||||&#8221; text_text_color=&#8221;#218727&#8243; text_font_size=&#8221;36px&#8221; header_font=&#8221;||||||||&#8221; global_colors_info=&#8221;{}&#8221;]@ET-DC@eyJkeW5hbWljIjp0cnVlLCJjb250ZW50IjoicG9zdF90aXRsZSIsInNldHRpbmdzIjp7ImJlZm9yZSI6IiIsImFmdGVyIjoiIn19@[\/et_pb_text][\/et_pb_column][\/et_pb_row][et_pb_row _builder_version=&#8221;4.16&#8243; global_colors_info=&#8221;{}&#8221;][et_pb_column type=&#8221;4_4&#8243; _builder_version=&#8221;4.16&#8243; custom_padding=&#8221;|||&#8221; global_colors_info=&#8221;{}&#8221; custom_padding__hover=&#8221;|||&#8221;][et_pb_text _builder_version=&#8221;4.16&#8243; text_font=&#8221;|300|||||||&#8221; saved_tabs=&#8221;all&#8221; global_colors_info=&#8221;{}&#8221;]<\/p>\n<p><strong>Queremos ouvir voc\u00ea.<\/strong> O Sistema de Atendimento ao Usu\u00e1rio \u2013 SAU \u00e9 o lugar para voc\u00ea registrar como foi sua experi\u00eancia no HUGO.<\/p>\n<p>[\/et_pb_text][et_pb_contact_form email=&#8221;formularios@hugo.org.br&#8221; custom_message=&#8221;Mensagem enviada via formul\u00e1rio do SAU (Sistema de Atendimento ao Usu\u00e1rio), localizado no site: https:\/\/hugo.org.br\/termodecolaboracao542024||et_pb_line_break_holder||||et_pb_line_break_holder||Informa\u00e7\u00f5es de contato do solicitante||et_pb_line_break_holder||_______________||et_pb_line_break_holder||||et_pb_line_break_holder||Solicitante: %%Nome%%||et_pb_line_break_holder||E-mail:  %%Email%%||et_pb_line_break_holder||Telefone: %%Telefone%%||et_pb_line_break_holder||||et_pb_line_break_holder||Avalia\u00e7\u00e3o||et_pb_line_break_holder||_______________||et_pb_line_break_holder||||et_pb_line_break_holder||Data em que o solicitante este na unidade: %%Data%%||et_pb_line_break_holder||Chegou a ser atendido por um m\u00e9dico? %%Atendimento_medico%%||et_pb_line_break_holder||||et_pb_line_break_holder||Como avalia&#8230;||et_pb_line_break_holder||||et_pb_line_break_holder||Recep\u00e7\u00e3o: %%Recepcao%%||et_pb_line_break_holder||Enfermagem: %%Enfermagem%%||et_pb_line_break_holder||Equipe M\u00e9dica: %%Medicos%%||et_pb_line_break_holder||Estrutura: %%Estrutura%%||et_pb_line_break_holder||||et_pb_line_break_holder||Indicaria a unidade para algum parente ou amigo? %%Indicacao%%||et_pb_line_break_holder||||et_pb_line_break_holder||_______________||et_pb_line_break_holder||||et_pb_line_break_holder||Ao responder esse e-mail o solicitante ser\u00e1 notificado.||et_pb_line_break_holder||&#8221; success_message=&#8221;Sua avalia\u00e7\u00e3o foi enviada com sucesso!&#8221; _builder_version=&#8221;4.24.0&#8243; _unique_id=&#8221;d166279b-4ae0-4c73-af35-5c305582bf95&#8243; form_field_font=&#8221;|300|||||||&#8221; form_field_font_size=&#8221;18px&#8221; button_icon=&#8221;&#x4e;||divi||400&#8243; hover_enabled=&#8221;0&#8243; border_radii=&#8221;on|17px|17px|17px|17px&#8221; global_colors_info=&#8221;{}&#8221; button_bg_color__hover_enabled=&#8221;on&#8221; sticky_enabled=&#8221;0&#8243;][et_pb_contact_field field_id=&#8221;Data&#8221; field_title=&#8221;Quando voc\u00ea esteve na unidade?&#8221; fullwidth_field=&#8221;on&#8221; _builder_version=&#8221;4.16&#8243; global_colors_info=&#8221;{}&#8221;][\/et_pb_contact_field][et_pb_contact_field field_id=&#8221;Atendimento_medico&#8221; field_title=&#8221;Voc\u00ea chegou a ser atendido por um m\u00e9dico?&#8221; field_type=&#8221;radio&#8221; radio_options=&#8221;%91{%22value%22:%22Sim%22,%22checked%22:0,%22dragID%22:-1},{%22value%22:%22N\u00e3o%22,%22checked%22:0,%22dragID%22:0}%93&#8243; _builder_version=&#8221;4.16&#8243; global_colors_info=&#8221;{}&#8221;][\/et_pb_contact_field][et_pb_contact_field field_id=&#8221;Recepcao&#8221; field_title=&#8221;Como voc\u00ea avalia a recep\u00e7\u00e3o?&#8221; field_type=&#8221;radio&#8221; radio_options=&#8221;%91{%22value%22:%22\u00d3timo%22,%22checked%22:0,%22dragID%22:-1},{%22value%22:%22Bom%22,%22checked%22:0,%22dragID%22:0},{%22value%22:%22Regular%22,%22checked%22:0,%22dragID%22:1},{%22value%22:%22Ruim%22,%22checked%22:0,%22dragID%22:2},{%22value%22:%22P\u00e9ssimo%22,%22checked%22:0,%22dragID%22:3}%93&#8243; _builder_version=&#8221;4.24.0&#8243; hover_enabled=&#8221;0&#8243; global_colors_info=&#8221;{}&#8221; sticky_enabled=&#8221;0&#8243;][\/et_pb_contact_field][et_pb_contact_field field_id=&#8221;Enfermagem&#8221; field_title=&#8221;Como voc\u00ea avalia a equipe de enfermagem?&#8221; field_type=&#8221;radio&#8221; radio_options=&#8221;%91{%22value%22:%22\u00d3timo%22,%22checked%22:0,%22dragID%22:-1},{%22value%22:%22Bom%22,%22checked%22:0,%22dragID%22:0},{%22value%22:%22Regular%22,%22checked%22:0,%22dragID%22:1},{%22value%22:%22Ruim%22,%22checked%22:0,%22dragID%22:2},{%22value%22:%22P\u00e9ssimo%22,%22checked%22:0,%22dragID%22:3}%93&#8243; _builder_version=&#8221;4.24.0&#8243; hover_enabled=&#8221;0&#8243; global_colors_info=&#8221;{}&#8221; sticky_enabled=&#8221;0&#8243;][\/et_pb_contact_field][et_pb_contact_field field_id=&#8221;Medicos&#8221; field_title=&#8221;Como voc\u00ea avalia a equipe m\u00e9dica?&#8221; field_type=&#8221;radio&#8221; radio_options=&#8221;%91{%22value%22:%22\u00d3timo%22,%22checked%22:0,%22dragID%22:-1},{%22value%22:%22Bom%22,%22checked%22:0,%22dragID%22:0},{%22value%22:%22Regular%22,%22checked%22:0,%22dragID%22:1},{%22value%22:%22Ruim%22,%22checked%22:0,%22dragID%22:2},{%22value%22:%22P\u00e9ssimo%22,%22checked%22:0,%22dragID%22:3}%93&#8243; _builder_version=&#8221;4.24.0&#8243; hover_enabled=&#8221;0&#8243; global_colors_info=&#8221;{}&#8221; sticky_enabled=&#8221;0&#8243;][\/et_pb_contact_field][et_pb_contact_field field_id=&#8221;Estrutura&#8221; field_title=&#8221;Como voc\u00ea avalia a estrutura da unidade?&#8221; field_type=&#8221;radio&#8221; radio_options=&#8221;%91{%22value%22:%22\u00d3timo%22,%22checked%22:0,%22dragID%22:-1},{%22value%22:%22Bom%22,%22checked%22:0,%22dragID%22:0},{%22value%22:%22Regular%22,%22checked%22:0,%22dragID%22:1},{%22value%22:%22Ruim%22,%22checked%22:0,%22dragID%22:2},{%22value%22:%22P\u00e9ssimo%22,%22checked%22:0,%22dragID%22:3}%93&#8243; _builder_version=&#8221;4.24.0&#8243; hover_enabled=&#8221;0&#8243; global_colors_info=&#8221;{}&#8221; sticky_enabled=&#8221;0&#8243;][\/et_pb_contact_field][et_pb_contact_field field_id=&#8221;Indicacao&#8221; field_title=&#8221;Voc\u00ea indicaria esta unidade para algum parente ou amigo?&#8221; field_type=&#8221;radio&#8221; radio_options=&#8221;%91{%22value%22:%22Sim%22,%22checked%22:0,%22dragID%22:-1},{%22value%22:%22N\u00e3o%22,%22checked%22:0,%22dragID%22:0}%93&#8243; _builder_version=&#8221;4.16&#8243; global_colors_info=&#8221;{}&#8221;][\/et_pb_contact_field][et_pb_contact_field field_id=&#8221;Experiencia&#8221; field_title=&#8221;Descreva a sua experi\u00eancia.&#8221; field_type=&#8221;text&#8221; fullwidth_field=&#8221;on&#8221; _builder_version=&#8221;4.24.0&#8243; hover_enabled=&#8221;0&#8243; global_colors_info=&#8221;{}&#8221; sticky_enabled=&#8221;0&#8243;][\/et_pb_contact_field][et_pb_contact_field field_id=&#8221;Nome&#8221; field_title=&#8221;Nome&#8221; fullwidth_field=&#8221;on&#8221; _builder_version=&#8221;4.16&#8243; global_colors_info=&#8221;{}&#8221;][\/et_pb_contact_field][et_pb_contact_field field_id=&#8221;Email&#8221; field_title=&#8221;E-mail&#8221; field_type=&#8221;email&#8221; _builder_version=&#8221;4.16&#8243; global_colors_info=&#8221;{}&#8221;][\/et_pb_contact_field][et_pb_contact_field field_id=&#8221;Telefone&#8221; field_title=&#8221;Telefone&#8221; allowed_symbols=&#8221;numbers&#8221; _builder_version=&#8221;4.16&#8243; global_colors_info=&#8221;{}&#8221;][\/et_pb_contact_field][\/et_pb_contact_form][\/et_pb_column][\/et_pb_row][\/et_pb_section][et_pb_section fb_built=&#8221;1&#8243; admin_label=&#8221;Rodap\u00e9&#8221; module_id=&#8221;Rodap\u00e9&#8221; _builder_version=&#8221;4.17.4&#8243; background_color=&#8221;#eeeef0&#8243; background_enable_color=&#8221;off&#8221; global_module=&#8221;4694&#8243; saved_tabs=&#8221;all&#8221; global_colors_info=&#8221;{}&#8221;][et_pb_row _builder_version=&#8221;4.16&#8243; global_colors_info=&#8221;{}&#8221;][et_pb_column type=&#8221;4_4&#8243; _builder_version=&#8221;4.16&#8243; custom_padding=&#8221;|||&#8221; global_colors_info=&#8221;{}&#8221; custom_padding__hover=&#8221;|||&#8221;][et_pb_image src=&#8221;https:\/\/hugo.org.br\/termodecolaboracao542024\/wp-content\/uploads\/2024\/07\/rodape_hugo_fase_10.png&#8221; title_text=&#8221;rodape_hugo_fase_10&#8243; align=&#8221;center&#8221; align_tablet=&#8221;center&#8221; align_phone=&#8221;&#8221; align_last_edited=&#8221;on|desktop&#8221; admin_label=&#8221;Rodap\u00e9: Logos Institucionais&#8221; _builder_version=&#8221;4.24.0&#8243; global_colors_info=&#8221;{}&#8221;][\/et_pb_image][\/et_pb_column][\/et_pb_row][\/et_pb_section]<\/p>\n","protected":false},"excerpt":{"rendered":"<p>Voc\u00ea est\u00e1 aqui: Home &gt; SAU \u2013 Servi\u00e7o de Atendimento ao Usu\u00e1rioQueremos ouvir voc\u00ea. O Sistema de Atendimento ao Usu\u00e1rio \u2013 SAU \u00e9 o lugar para voc\u00ea registrar como foi sua experi\u00eancia no HUGO.<\/p>\n","protected":false},"author":20,"featured_media":0,"parent":0,"menu_order":0,"comment_status":"closed","ping_status":"closed","template":"","meta":{"_et_pb_use_builder":"on","_et_pb_old_content":"","_et_gb_content_width":"","footnotes":""},"class_list":["post-2628","page","type-page","status-publish","hentry"],"_links":{"self":[{"href":"https:\/\/hugo.org.br\/termodecolaboracao542024\/wp-json\/wp\/v2\/pages\/2628","targetHints":{"allow":["GET"]}}],"collection":[{"href":"https:\/\/hugo.org.br\/termodecolaboracao542024\/wp-json\/wp\/v2\/pages"}],"about":[{"href":"https:\/\/hugo.org.br\/termodecolaboracao542024\/wp-json\/wp\/v2\/types\/page"}],"author":[{"embeddable":true,"href":"https:\/\/hugo.org.br\/termodecolaboracao542024\/wp-json\/wp\/v2\/users\/20"}],"replies":[{"embeddable":true,"href":"https:\/\/hugo.org.br\/termodecolaboracao542024\/wp-json\/wp\/v2\/comments?post=2628"}],"version-history":[{"count":13,"href":"https:\/\/hugo.org.br\/termodecolaboracao542024\/wp-json\/wp\/v2\/pages\/2628\/revisions"}],"predecessor-version":[{"id":11485,"href":"https:\/\/hugo.org.br\/termodecolaboracao542024\/wp-json\/wp\/v2\/pages\/2628\/revisions\/11485"}],"wp:attachment":[{"href":"https:\/\/hugo.org.br\/termodecolaboracao542024\/wp-json\/wp\/v2\/media?parent=2628"}],"curies":[{"name":"wp","href":"https:\/\/api.w.org\/{rel}","templated":true}]}}