{"id":4661,"date":"2020-01-03T12:23:34","date_gmt":"2020-01-03T15:23:34","guid":{"rendered":"https:\/\/hugo.org.br\/?page_id=4661"},"modified":"2024-04-17T21:56:11","modified_gmt":"2024-04-18T00:56:11","slug":"consultasrealizadas","status":"publish","type":"page","link":"https:\/\/hugo.org.br\/termodecolaboracao542024\/consultasrealizadas\/","title":{"rendered":"Consultas realizadas"},"content":{"rendered":"<p>[et_pb_section fb_built=&#8221;1&#8243; _builder_version=&#8221;4.16&#8243; custom_padding=&#8221;||0px|||&#8221; global_colors_info=&#8221;{}&#8221;][et_pb_row _builder_version=&#8221;4.16&#8243; global_colors_info=&#8221;{}&#8221;][et_pb_column type=&#8221;4_4&#8243; _builder_version=&#8221;4.16&#8243; global_colors_info=&#8221;{}&#8221;][et_pb_text _builder_version=&#8221;4.20.0&#8243; text_font=&#8221;|300|||||||&#8221; global_colors_info=&#8221;{}&#8221;]<\/p>\n<p>Voc\u00ea est\u00e1 aqui: <a href=\"https:\/\/hugo.org.br\/termodecolaboracao542024\">Home<\/a> &gt; Consulta realizadas<\/p>\n<p>[\/et_pb_text][et_pb_text _builder_version=&#8221;4.20.0&#8243; text_font=&#8221;|300|||||||&#8221; global_colors_info=&#8221;{}&#8221;]<\/p>\n<h1>Consultas realizadas<\/h1>\n<p>[\/et_pb_text][\/et_pb_column][\/et_pb_row][\/et_pb_section][et_pb_section fb_built=&#8221;1&#8243; _builder_version=&#8221;4.16&#8243; custom_padding=&#8221;0px||24px|||&#8221; global_colors_info=&#8221;{}&#8221;][et_pb_row _builder_version=&#8221;4.16&#8243; global_colors_info=&#8221;{}&#8221;][et_pb_column type=&#8221;4_4&#8243; _builder_version=&#8221;4.16&#8243; global_colors_info=&#8221;{}&#8221;][et_pb_tabs _builder_version=&#8221;4.24.0&#8243; hover_enabled=&#8221;0&#8243; global_colors_info=&#8221;{}&#8221; sticky_enabled=&#8221;0&#8243;][et_pb_tab title=&#8221;M\u00e9dicas&#8221; _builder_version=&#8221;4.24.0&#8243; hover_enabled=&#8221;0&#8243; global_colors_info=&#8221;{}&#8221; sticky_enabled=&#8221;0&#8243;]<\/p>\n<table width=\"606\" style=\"font-weight: 400; height: 394px;\">\n<tbody>\n<tr style=\"height: 24px;\">\n<td colspan=\"2\" style=\"text-align: center; height: 24px; width: 311.672px;\"><strong>Especialidade<\/strong><\/td>\n<td colspan=\"2\" style=\"text-align: center; height: 24px; width: 278.328px;\"><strong>Qtde.<\/strong><\/td>\n<\/tr>\n<tr style=\"height: 24px;\">\n<td style=\"text-align: left; height: 24px; width: 311.672px;\" colspan=\"2\">Angiologia e Cl\u00ednica Vascular<\/td>\n<td style=\"text-align: right; height: 24px; width: 278.328px;\" colspan=\"2\">2.449<\/td>\n<\/tr>\n<tr style=\"height: 24px;\">\n<td style=\"text-align: left; height: 24px; width: 311.672px;\" colspan=\"2\">Cardiologia<\/td>\n<td style=\"text-align: right; height: 24px; width: 278.328px;\" colspan=\"2\">8.721<\/td>\n<\/tr>\n<tr style=\"height: 24px;\">\n<td style=\"text-align: left; height: 24px; width: 311.672px;\" colspan=\"2\">Cirurgia Geral<\/td>\n<td style=\"text-align: right; height: 24px; width: 278.328px;\" colspan=\"2\">10.131<\/td>\n<\/tr>\n<tr style=\"height: 24px;\">\n<td style=\"text-align: left; width: 311.672px; height: 24px;\" colspan=\"2\">Cirurgia Vascular<\/td>\n<td style=\"text-align: right; width: 278.328px; height: 24px;\" colspan=\"2\">265<\/td>\n<\/tr>\n<tr style=\"height: 24px;\">\n<td style=\"text-align: left; height: 24px; width: 311.672px;\" colspan=\"2\">Cirurgia Tor\u00e1cica<\/td>\n<td style=\"text-align: right; height: 24px; width: 278.328px;\" colspan=\"2\">427<\/td>\n<\/tr>\n<tr style=\"height: 24px;\">\n<td style=\"text-align: left; height: 24px; width: 311.672px;\" colspan=\"2\">Cl\u00ednica M\u00e9dica<\/td>\n<td style=\"text-align: right; height: 24px; width: 278.328px;\" colspan=\"2\">20.360<\/td>\n<\/tr>\n<tr style=\"height: 24px;\">\n<td style=\"text-align: left; height: 24px; width: 311.672px;\" colspan=\"2\">Endocrinologia<\/td>\n<td style=\"text-align: right; height: 24px; width: 278.328px;\" colspan=\"2\">731<\/td>\n<\/tr>\n<tr style=\"height: 24px;\">\n<td style=\"text-align: left; height: 24px; width: 311.672px;\" colspan=\"2\">Gastroenterologia<\/td>\n<td style=\"text-align: right; height: 24px; width: 278.328px;\" colspan=\"2\">769<\/td>\n<\/tr>\n<tr style=\"height: 24px;\">\n<td style=\"text-align: left; height: 24px; width: 311.672px;\" colspan=\"2\">Geriatria<\/td>\n<td style=\"text-align: right; height: 24px; width: 278.328px;\" colspan=\"2\">1.764<\/td>\n<\/tr>\n<tr style=\"height: 24px;\">\n<td style=\"text-align: left; width: 311.672px; height: 24px;\" colspan=\"2\">Hematologia<\/td>\n<td style=\"text-align: right; width: 278.328px; height: 24px;\" colspan=\"2\">900<\/td>\n<\/tr>\n<tr style=\"height: 24px;\">\n<td style=\"text-align: left; height: 24px; width: 311.672px;\" colspan=\"2\">Infectologia<\/td>\n<td style=\"text-align: right; height: 24px; width: 278.328px;\" colspan=\"2\">998<\/td>\n<\/tr>\n<tr style=\"height: 24px;\">\n<td style=\"text-align: left; height: 24px; width: 311.672px;\" colspan=\"2\">Nefrologia<\/td>\n<td style=\"text-align: right; height: 24px; width: 278.328px;\" colspan=\"2\">798<\/td>\n<\/tr>\n<tr style=\"height: 24px;\">\n<td style=\"text-align: left; height: 24px; width: 311.672px;\" height:=\"\" 24px=\"\" width:=\"\" 311=\"\" 672px=\"\" colspan=\"2\">Neurocirurgia<\/td>\n<td style=\"text-align: right; height: 24px; width: 278.328px;\" colspan=\"2\">2.435<\/td>\n<\/tr>\n<tr style=\"height: 24px;\">\n<td style=\"text-align: left; height: 24px; width: 311.672px;\" colspan=\"2\">Neurologia Cl\u00ednica<\/td>\n<td style=\"text-align: right; height: 24px; width: 278.328px;\" colspan=\"2\">3.211<\/td>\n<\/tr>\n<tr style=\"height: 24px;\">\n<td style=\"text-align: left; height: 24px; width: 311.672px;\" colspan=\"2\">Ortopedia e Traumatologia<\/td>\n<td style=\"text-align: right; height: 24px; width: 278.328px;\" colspan=\"2\">57.758<\/td>\n<\/tr>\n<tr style=\"height: 24px;\">\n<td style=\"text-align: left; height: 24px;\" colspan=\"2\">Pneumologia<\/td>\n<td style=\"text-align: right; height: 24px;\" colspan=\"2\">739<\/td>\n<\/tr>\n<tr>\n<td style=\"text-align: left; width: 311.672px;\" colspan=\"2\">Urologia<\/td>\n<td style=\"text-align: right; width: 278.328px;\" colspan=\"2\">1054<\/td>\n<\/tr>\n<\/tbody>\n<\/table>\n<p>[\/et_pb_tab][et_pb_tab title=&#8221;N\u00e3o-m\u00e9dicas&#8221; _builder_version=&#8221;4.24.0&#8243; hover_enabled=&#8221;0&#8243; global_colors_info=&#8221;{}&#8221; sticky_enabled=&#8221;0&#8243;]<\/p>\n<table width=\"606\" style=\"font-weight: 400; height: 240px;\">\n<tbody>\n<tr style=\"height: 24px;\">\n<td style=\"width: 324.969px; text-align: center; height: 24px;\"><strong>Especialidade<\/strong><\/td>\n<td style=\"width: 265.031px; text-align: center; height: 24px;\"><strong>Qtde.<\/strong><\/td>\n<\/tr>\n<tr style=\"height: 24px;\">\n<td style=\"width: 324.969px; text-align: left; height: 24px;\"><span>Cirurgi\u00e3o Dentista &#8211; T. Bucomaxilo<\/span><strong><br \/><\/strong><\/td>\n<td style=\"width: 265.031px; text-align: right; height: 24px;\">4.599<\/td>\n<\/tr>\n<tr style=\"height: 24px;\">\n<td style=\"width: 324.969px; text-align: left; height: 24px;\"><span>Enfermagem<\/span><span><br \/><\/span><\/td>\n<td style=\"width: 265.031px; text-align: right; height: 24px;\">28.498<\/td>\n<\/tr>\n<tr style=\"height: 24px;\">\n<td style=\"width: 324.969px; text-align: left; height: 24px;\"><span>Farm\u00e1cia Cl\u00ednica<\/span><\/td>\n<td style=\"width: 265.031px; text-align: right; height: 24px;\">2.545<\/td>\n<\/tr>\n<tr style=\"height: 24px;\">\n<td style=\"width: 324.969px; text-align: left; height: 24px;\"><span>Fisioterapia<\/span><\/td>\n<td style=\"width: 265.031px; text-align: right; height: 24px;\">2.740<\/td>\n<\/tr>\n<tr style=\"height: 24px;\">\n<td style=\"width: 324.969px; text-align: left; height: 24px;\"><span>Fonoaudiologia<\/span><\/td>\n<td style=\"width: 265.031px; text-align: right; height: 24px;\">1.051<\/td>\n<\/tr>\n<tr style=\"height: 24px;\">\n<td style=\"width: 324.969px; text-align: left; height: 24px;\"><span>Nutri\u00e7\u00e3o<\/span><span><br \/><\/span><\/td>\n<td style=\"width: 265.031px; text-align: right; height: 24px;\">945<\/td>\n<\/tr>\n<tr style=\"height: 24px;\">\n<td style=\"width: 324.969px; text-align: left; height: 24px;\"><span>Psicologia<\/span><span><br \/><\/span><\/td>\n<td style=\"width: 265.031px; text-align: right; height: 24px;\">4.705<\/td>\n<\/tr>\n<tr style=\"height: 24px;\">\n<td style=\"width: 324.969px; text-align: left; height: 24px;\"><span>Servi\u00e7o Social<\/span><span><br \/><\/span><\/td>\n<td style=\"width: 265.031px; text-align: right; height: 24px;\">7.348<\/td>\n<\/tr>\n<tr style=\"height: 24px;\">\n<td style=\"width: 324.969px; text-align: left; height: 24px;\"><span>Terapia Ocupacional<\/span><\/td>\n<td style=\"width: 265.031px; text-align: right; height: 24px;\">870<\/td>\n<\/tr>\n<\/tbody>\n<\/table>\n<p style=\"font-weight: 400;\">[\/et_pb_tab][\/et_pb_tabs][\/et_pb_column][\/et_pb_row][\/et_pb_section][et_pb_section fb_built=&#8221;1&#8243; admin_label=&#8221;Rodap\u00e9&#8221; module_id=&#8221;Rodap\u00e9&#8221; _builder_version=&#8221;4.17.4&#8243; background_color=&#8221;#eeeef0&#8243; background_enable_color=&#8221;off&#8221; global_module=&#8221;4694&#8243; saved_tabs=&#8221;all&#8221; global_colors_info=&#8221;{}&#8221;][et_pb_row _builder_version=&#8221;4.16&#8243; global_colors_info=&#8221;{}&#8221;][et_pb_column type=&#8221;4_4&#8243; _builder_version=&#8221;4.16&#8243; custom_padding=&#8221;|||&#8221; global_colors_info=&#8221;{}&#8221; custom_padding__hover=&#8221;|||&#8221;][et_pb_image src=&#8221;https:\/\/hugo.org.br\/termodecolaboracao542024\/wp-content\/uploads\/2023\/05\/rodape_hugo_fase_9-1.png&#8221; title_text=&#8221;HUGO&#8221; align=&#8221;center&#8221; align_tablet=&#8221;center&#8221; align_phone=&#8221;&#8221; align_last_edited=&#8221;on|desktop&#8221; admin_label=&#8221;Rodap\u00e9: Logos Institucionais&#8221; _builder_version=&#8221;4.20.0&#8243; global_colors_info=&#8221;{}&#8221;][\/et_pb_image][et_pb_divider color=&#8221;#bababa&#8221; admin_label=&#8221;Rodap\u00e9: Divisor&#8221; _builder_version=&#8221;4.16&#8243; global_colors_info=&#8221;{}&#8221;][\/et_pb_divider][et_pb_text admin_label=&#8221;Rodap\u00e9: Endere\u00e7o&#8221; _builder_version=&#8221;4.20.0&#8243; text_font=&#8221;|300|||||||&#8221; custom_padding=&#8221;0px|0px|0px|0px&#8221; global_colors_info=&#8221;{}&#8221;]<\/p>\n<p style=\"text-align: center;\">Avenida 31 de mar\u00e7o esq. c\/ 5\u00aa Radial, Setor Pedro Ludovico, Goi\u00e2nia &#8211; GO, CEP: 74.820-300<br \/><i class=\"fab fa-square-whatsapp\"><\/i> <span style=\"text-decoration: underline;\"><a href=\"https:\/\/api.whatsapp.com\/send\/?phone=556232014413\" target=\"_blank\" rel=\"noopener\">(62) 3201-4413<\/a><\/span> \/ <span style=\"text-decoration: underline;\"><a href=\"https:\/\/api.whatsapp.com\/send\/?phone=556232014444\" target=\"_blank\" rel=\"noopener\">(62) 3201-4444<\/a><\/span> &#8211; <i class=\"fas fa-square-phone\"><\/i> <span style=\"text-decoration: underline;\"><a href=\"tel:+556232014455\" target=\"_blank\" rel=\"noopener\">(62) 3201-4455<\/a><\/span><br \/><a href=\"mailto:atendimento@policlinicaposse.org.br\" style=\"outline-width: 0px !important; user-select: auto !important;\">atendimento@hugo.org.br<\/a> &#8211; CNPJ 12.053.184\/0006-41<\/p>\n<p>[\/et_pb_text][et_pb_text admin_label=&#8221;Rodap\u00e9: Endere\u00e7o&#8221; _builder_version=&#8221;4.17.4&#8243; text_font=&#8221;|300|||||||&#8221; custom_padding=&#8221;0px|0px|0px|0px&#8221; global_colors_info=&#8221;{}&#8221;]<\/p>\n<p><a href=\"https:\/\/vozdigital.com.br\" target=\"_blank\" rel=\"noopener\" title=\"Desenvolvido por Voz Digital\"> <img loading=\"lazy\" decoding=\"async\" src=\"https:\/\/hugo.org.br\/termodecolaboracao542024\/wp-content\/uploads\/2022\/07\/vozdigital.png\" width=\"250\" height=\"30\" alt=\"\" class=\"wp-image-7636 alignnone size-full\" style=\"float: right;\" srcset=\"https:\/\/hugo.org.br\/termodecolaboracao542024\/wp-content\/uploads\/2022\/07\/vozdigital.png 250w, https:\/\/hugo.org.br\/termodecolaboracao542024\/wp-content\/uploads\/2022\/07\/vozdigital-24x3.png 24w, https:\/\/hugo.org.br\/termodecolaboracao542024\/wp-content\/uploads\/2022\/07\/vozdigital-36x4.png 36w, https:\/\/hugo.org.br\/termodecolaboracao542024\/wp-content\/uploads\/2022\/07\/vozdigital-48x6.png 48w\" sizes=\"(max-width: 250px) 100vw, 250px\" \/><\/a><\/p>\n<p>[\/et_pb_text][\/et_pb_column][\/et_pb_row][\/et_pb_section]<\/p>\n","protected":false},"excerpt":{"rendered":"<p>Voc\u00ea est\u00e1 aqui: Home &gt; Consulta realizadasConsultas realizadas Especialidade Qtde. Angiologia e Cl\u00ednica Vascular 2.449 Cardiologia 8.721 Cirurgia Geral 10.131 Cirurgia Vascular 265 Cirurgia Tor\u00e1cica 427 Cl\u00ednica M\u00e9dica 20.360 Endocrinologia 731 Gastroenterologia 769 Geriatria 1.764 Hematologia 900 Infectologia 998 Nefrologia 798 Neurocirurgia 2.435 Neurologia Cl\u00ednica 3.211 Ortopedia e Traumatologia 57.758 Pneumologia 739 Urologia 1054 Especialidade [&hellip;]<\/p>\n","protected":false},"author":20,"featured_media":0,"parent":0,"menu_order":0,"comment_status":"closed","ping_status":"closed","template":"","meta":{"_et_pb_use_builder":"on","_et_pb_old_content":"","_et_gb_content_width":"","footnotes":""},"class_list":["post-4661","page","type-page","status-publish","hentry"],"_links":{"self":[{"href":"https:\/\/hugo.org.br\/termodecolaboracao542024\/wp-json\/wp\/v2\/pages\/4661","targetHints":{"allow":["GET"]}}],"collection":[{"href":"https:\/\/hugo.org.br\/termodecolaboracao542024\/wp-json\/wp\/v2\/pages"}],"about":[{"href":"https:\/\/hugo.org.br\/termodecolaboracao542024\/wp-json\/wp\/v2\/types\/page"}],"author":[{"embeddable":true,"href":"https:\/\/hugo.org.br\/termodecolaboracao542024\/wp-json\/wp\/v2\/users\/20"}],"replies":[{"embeddable":true,"href":"https:\/\/hugo.org.br\/termodecolaboracao542024\/wp-json\/wp\/v2\/comments?post=4661"}],"version-history":[{"count":40,"href":"https:\/\/hugo.org.br\/termodecolaboracao542024\/wp-json\/wp\/v2\/pages\/4661\/revisions"}],"predecessor-version":[{"id":11111,"href":"https:\/\/hugo.org.br\/termodecolaboracao542024\/wp-json\/wp\/v2\/pages\/4661\/revisions\/11111"}],"wp:attachment":[{"href":"https:\/\/hugo.org.br\/termodecolaboracao542024\/wp-json\/wp\/v2\/media?parent=4661"}],"curies":[{"name":"wp","href":"https:\/\/api.w.org\/{rel}","templated":true}]}}