{"id":5237,"date":"2020-03-26T11:24:30","date_gmt":"2020-03-26T14:24:30","guid":{"rendered":"https:\/\/hugo.org.br\/?page_id=5237"},"modified":"2020-04-16T14:55:28","modified_gmt":"2020-04-16T17:55:28","slug":"coronavirus","status":"publish","type":"page","link":"https:\/\/hugo.org.br\/termodecolaboracao542024\/coronavirus\/","title":{"rendered":"Coronav\u00edrus"},"content":{"rendered":"<p>[et_pb_section fb_built=&#8221;1&#8243; _builder_version=&#8221;4.3.4&#8243; background_color=&#8221;#f4f4f4&#8243; box_shadow_style=&#8221;preset6&#8243;][et_pb_row _builder_version=&#8221;4.3.4&#8243;][et_pb_column type=&#8221;4_4&#8243; _builder_version=&#8221;4.3.4&#8243;][et_pb_text _builder_version=&#8221;4.2.2&#8243; header_font_size=&#8221;59px&#8221; text_orientation=&#8221;center&#8221;]<\/p>\n<h1>Coronav\u00edrus<\/h1>\n<p>HURSO contra o COVID-19<\/p>\n<p>[\/et_pb_text][\/et_pb_column][\/et_pb_row][\/et_pb_section][et_pb_section fb_built=&#8221;1&#8243; _builder_version=&#8221;4.3.4&#8243;][et_pb_row _builder_version=&#8221;4.3.4&#8243;][et_pb_column type=&#8221;4_4&#8243; _builder_version=&#8221;4.3.4&#8243;][et_pb_text _builder_version=&#8221;4.2.2&#8243;]<\/p>\n<p><span>O Minist\u00e9rio da Sa\u00fade e a Secret\u00e1ria de Sa\u00fade do Estado de Goi\u00e1s emitiram algumas portarias que ditam regras e mudan\u00e7as nos fluxos de atendimento de Hospitais p\u00fablicos com o objetivo de prevenir novos casos de Coronav\u00edrus.<\/span><\/p>\n<p>[\/et_pb_text][et_pb_text _builder_version=&#8221;4.3.4&#8243;]<\/p>\n<h2>O que mudou?<\/h2>\n<p>[\/et_pb_text][et_pb_accordion _builder_version=&#8221;4.2.2&#8243; hover_enabled=&#8221;0&#8243;][et_pb_accordion_item title=&#8221;Houveram mudan\u00e7as administrativas?&#8221; open=&#8221;on&#8221; _builder_version=&#8221;4.2.2&#8243; body_font=&#8221;|300|||||||&#8221;]<\/p>\n<p><span>Sim, houveram mudan\u00e7as como redu\u00e7\u00e3o da carga hor\u00e1ria, revezamentos e alguns colaboradores foram direcionados para teletrabalho, principalmente nas \u00e1reas administrativas relacionadas a processos como Estat\u00edstica, Faturamento, Qualidade, Inform\u00e1tica, Departamento Pessoal e Recursos Humanos.<\/span><\/p>\n<p>[\/et_pb_accordion_item][et_pb_accordion_item title=&#8221;Houve suspens\u00e3o tempor\u00e1ria das visitas?&#8221; _builder_version=&#8221;4.2.2&#8243; body_font=&#8221;|300|||||||&#8221; open=&#8221;off&#8221;]<\/p>\n<p><span><span style=\"text-decoration: underline;\">Sim<\/span>, todas as visitas a pacientes internados foram suspensas para proteger a vida desses pacientes.<\/span><\/p>\n<p>[\/et_pb_accordion_item][et_pb_accordion_item title=&#8221;Houve suspens\u00e3o tempor\u00e1ria de acompanhantes?&#8221; _builder_version=&#8221;4.2.2&#8243; body_font=&#8221;|300|||||||&#8221; open=&#8221;off&#8221;]<\/p>\n<p><span><span style=\"text-decoration: underline;\">N\u00e3o<\/span>, houve ajuste em hor\u00e1rios e no fluxo de movimenta\u00e7\u00e3o de acompanhantes, al\u00e9m de triagem de acompanhantes com sintomas gripais.<\/span><\/p>\n<p>[\/et_pb_accordion_item][et_pb_accordion_item title=&#8221;Qual o hor\u00e1rio de troca de acompanhante?&#8221; _builder_version=&#8221;4.2.2&#8243; body_font=&#8221;|300|||||||&#8221; open=&#8221;off&#8221;]<\/p>\n<p><span>\u00c0s 07h e \u00e0s 19h.<\/span><\/p>\n<p>[\/et_pb_accordion_item][et_pb_accordion_item title=&#8221;Como tenho informa\u00e7\u00f5es de um familiar internado?&#8221; _builder_version=&#8221;4.2.2&#8243; body_font=&#8221;|300|||||||&#8221; hover_enabled=&#8221;0&#8243; open=&#8221;off&#8221;]<\/p>\n<p>Para informa\u00e7\u00f5es dos pacientes da UTI Adulto e Pronto Socorro acompanhe pelo Boletim M\u00e9dico do Paciente Online no endere\u00e7o https:\/\/abre.ai\/boletim-ibgh.<\/p>\n<p>O acesso deve ser realizado atrav\u00e9s da senha obtida pelo familiar cadastrado como respons\u00e1vel no momento da interna\u00e7\u00e3o.<\/p>\n<p>[\/et_pb_accordion_item][et_pb_accordion_item title=&#8221;Quais especialidades ambulatoriais foram suspensas?&#8221; _builder_version=&#8221;4.2.2&#8243; body_font=&#8221;|300|||||||&#8221; open=&#8221;off&#8221;]<\/p>\n<p><span>Pelo perfil de Urg\u00eancia, os atendimentos ambulatoriais do HURSO se referem a retornos de p\u00f3s-cir\u00fargicos que foram reprogramados conforme determina\u00e7\u00e3o de nota t\u00e9cnica da Secretaria Estadual de Sa\u00fade (50%).<\/span><\/p>\n<p>[\/et_pb_accordion_item][et_pb_accordion_item title=&#8221;Houve mudan\u00e7a na Classifica\u00e7\u00e3o de Risco?&#8221; _builder_version=&#8221;4.2.2&#8243; body_font=&#8221;|300|||||||&#8221; open=&#8221;off&#8221;]<\/p>\n<p>Sim, nos casos suspeitos de COVID-19 o primeiro atendimento \u00e9 realizado em \u00e1rea espec\u00edfica do Pronto Socorro.<\/p>\n<p>[\/et_pb_accordion_item][\/et_pb_accordion][\/et_pb_column][\/et_pb_row][\/et_pb_section][et_pb_section fb_built=&#8221;1&#8243; admin_label=&#8221;Rodap\u00e9&#8221; module_id=&#8221;Rodap\u00e9&#8221; _builder_version=&#8221;3.22.3&#8243; background_color=&#8221;#eeeef0&#8243; global_module=&#8221;4694&#8243; saved_tabs=&#8221;all&#8221;][et_pb_row _builder_version=&#8221;3.25&#8243;][et_pb_column type=&#8221;4_4&#8243; _builder_version=&#8221;3.25&#8243; custom_padding=&#8221;|||&#8221; custom_padding__hover=&#8221;|||&#8221;][et_pb_image src=&#8221;https:\/\/hugo.org.br\/termodecolaboracao542024\/wp-content\/uploads\/2020\/01\/hurso-logo-rodape.png&#8221; align=&#8221;center&#8221; align_tablet=&#8221;center&#8221; align_phone=&#8221;&#8221; align_last_edited=&#8221;on|desktop&#8221; admin_label=&#8221;Rodap\u00e9: Logos Institucionais&#8221; _builder_version=&#8221;4.0.11&#8243;][\/et_pb_image][et_pb_divider color=&#8221;#bababa&#8221; admin_label=&#8221;Rodap\u00e9: Divisor&#8221; _builder_version=&#8221;3.19.4&#8243;][\/et_pb_divider][et_pb_text admin_label=&#8221;Rodap\u00e9: Endere\u00e7o&#8221; _builder_version=&#8221;3.27.4&#8243; text_font=&#8221;|300|||||||&#8221; custom_padding=&#8221;0px|0px|0px|0px&#8221;]<\/p>\n<p style=\"text-align: center;\">Avenida Uirapuru, s\/n \u2013 Parque Res. Isaura, Santa Helena de Goi\u00e1s \u2013 GO, CEP: 75.920-000<br \/> (64) 3614-9700, <a href=\"mailto:contato@heelj.org.br,\" style=\"outline-width: 0px !important; user-select: auto !important;\">contato@vozdigital.com.br,<\/a>\u00a0CNPJ 18.972.378\/0001-12<\/p>\n<p>[\/et_pb_text][\/et_pb_column][\/et_pb_row][\/et_pb_section]<\/p>\n","protected":false},"excerpt":{"rendered":"<p>Veja o que mudou no funcionamento do Hospital Estadual de Urg\u00eancias da Regi\u00e3o Sudoeste &#8211; HURSO com as determina\u00e7\u00f5es do Minist\u00e9rio da Sa\u00fade e SES para o combate ao Coronav\u00edrus.<\/p>\n","protected":false},"author":20,"featured_media":0,"parent":0,"menu_order":0,"comment_status":"closed","ping_status":"closed","template":"","meta":{"_et_pb_use_builder":"on","_et_pb_old_content":"","_et_gb_content_width":"","footnotes":""},"class_list":["post-5237","page","type-page","status-publish","hentry"],"_links":{"self":[{"href":"https:\/\/hugo.org.br\/termodecolaboracao542024\/wp-json\/wp\/v2\/pages\/5237","targetHints":{"allow":["GET"]}}],"collection":[{"href":"https:\/\/hugo.org.br\/termodecolaboracao542024\/wp-json\/wp\/v2\/pages"}],"about":[{"href":"https:\/\/hugo.org.br\/termodecolaboracao542024\/wp-json\/wp\/v2\/types\/page"}],"author":[{"embeddable":true,"href":"https:\/\/hugo.org.br\/termodecolaboracao542024\/wp-json\/wp\/v2\/users\/20"}],"replies":[{"embeddable":true,"href":"https:\/\/hugo.org.br\/termodecolaboracao542024\/wp-json\/wp\/v2\/comments?post=5237"}],"version-history":[{"count":5,"href":"https:\/\/hugo.org.br\/termodecolaboracao542024\/wp-json\/wp\/v2\/pages\/5237\/revisions"}],"predecessor-version":[{"id":5453,"href":"https:\/\/hugo.org.br\/termodecolaboracao542024\/wp-json\/wp\/v2\/pages\/5237\/revisions\/5453"}],"wp:attachment":[{"href":"https:\/\/hugo.org.br\/termodecolaboracao542024\/wp-json\/wp\/v2\/media?parent=5237"}],"curies":[{"name":"wp","href":"https:\/\/api.w.org\/{rel}","templated":true}]}}