{"id":6795,"date":"2021-03-12T11:21:28","date_gmt":"2021-03-12T14:21:28","guid":{"rendered":"https:\/\/hugo.org.br\/?page_id=6795"},"modified":"2022-05-12T22:16:46","modified_gmt":"2022-05-13T01:16:46","slug":"sem-documentos-ate-o-momento","status":"publish","type":"page","link":"https:\/\/hugo.org.br\/termodecolaboracao542024\/sem-documentos-ate-o-momento\/","title":{"rendered":"Sem documentos at\u00e9 o momento."},"content":{"rendered":"<p>Voc\u00ea est\u00e1 aqui: <a href=\"https:\/\/hugo.org.br\/termodecolaboracao542024\/\">Home<\/a> &gt; <a href=\"\/transparencia\">Acesso \u00e0 Informa\u00e7\u00e3o<\/a> &gt; Sem documentos at\u00e9 o momento.<\/p>\n<p><a href=\"https:\/\/hugo.org.br\/termodecolaboracao542024\/transparencia\/\">&lt; Voltar<\/a><\/p>\n","protected":false},"excerpt":{"rendered":"<p>Voc\u00ea est\u00e1 aqui: Home &gt; Acesso \u00e0 Informa\u00e7\u00e3o &gt; Sem documentos at\u00e9 o momento. &lt; Voltar<\/p>\n","protected":false},"author":20,"featured_media":0,"parent":0,"menu_order":0,"comment_status":"closed","ping_status":"closed","template":"","meta":{"_et_pb_use_builder":"","_et_pb_old_content":"","_et_gb_content_width":"","footnotes":""},"class_list":["post-6795","page","type-page","status-publish","hentry"],"_links":{"self":[{"href":"https:\/\/hugo.org.br\/termodecolaboracao542024\/wp-json\/wp\/v2\/pages\/6795","targetHints":{"allow":["GET"]}}],"collection":[{"href":"https:\/\/hugo.org.br\/termodecolaboracao542024\/wp-json\/wp\/v2\/pages"}],"about":[{"href":"https:\/\/hugo.org.br\/termodecolaboracao542024\/wp-json\/wp\/v2\/types\/page"}],"author":[{"embeddable":true,"href":"https:\/\/hugo.org.br\/termodecolaboracao542024\/wp-json\/wp\/v2\/users\/20"}],"replies":[{"embeddable":true,"href":"https:\/\/hugo.org.br\/termodecolaboracao542024\/wp-json\/wp\/v2\/comments?post=6795"}],"version-history":[{"count":5,"href":"https:\/\/hugo.org.br\/termodecolaboracao542024\/wp-json\/wp\/v2\/pages\/6795\/revisions"}],"predecessor-version":[{"id":7392,"href":"https:\/\/hugo.org.br\/termodecolaboracao542024\/wp-json\/wp\/v2\/pages\/6795\/revisions\/7392"}],"wp:attachment":[{"href":"https:\/\/hugo.org.br\/termodecolaboracao542024\/wp-json\/wp\/v2\/media?parent=6795"}],"curies":[{"name":"wp","href":"https:\/\/api.w.org\/{rel}","templated":true}]}}