{"id":7067,"date":"2021-12-17T21:51:53","date_gmt":"2021-12-18T00:51:53","guid":{"rendered":"https:\/\/hugo.org.br\/?page_id=7067"},"modified":"2025-01-23T12:22:51","modified_gmt":"2025-01-23T15:22:51","slug":"copia-integral-dos-convenios-termos-de-parcerias-acordos-ajustes-ou-instrumentos-congeneres-realizados-com-recursos-oriundos-do-poder-publico-estadual-e-seus-respectivos-aditivos","status":"publish","type":"page","link":"https:\/\/hugo.org.br\/termodecolaboracao542024\/copia-integral-dos-convenios-termos-de-parcerias-acordos-ajustes-ou-instrumentos-congeneres-realizados-com-recursos-oriundos-do-poder-publico-estadual-e-seus-respectivos-aditivos\/","title":{"rendered":"C\u00f3pia integral dos conv\u00eanios, termos de parcerias, acordos, ajustes ou instrumentos cong\u00eaneres realizados com recursos oriundos do Poder P\u00fablico Estadual e seus respectivos aditivos"},"content":{"rendered":"<p>Voc\u00ea est\u00e1 aqui: <a href=\"\/home\">Home<\/a> &gt; <a href=\"\/transparencia\">Acesso \u00e0 Informa\u00e7\u00e3o<\/a> &gt; C\u00f3pia integral dos conv\u00eanios, termos de parcerias, acordos, ajustes ou instrumentos cong\u00eaneres realizados com recursos oriundos do Poder P\u00fablico Estadual e seus respectivos aditivos e o relat\u00f3rio consolidados dos conv\u00eanios, termos de parcerias, acordos, ajustes ou instrumentos cong\u00eaneres<\/p>\n<form data-min-no-for-search=1 data-result-box-max-height=400 data-form-id=10959 class=\"is-search-form is-form-style is-form-style-3 is-form-id-10959 is-ajax-search\" action=\"https:\/\/hugo.org.br\/termodecolaboracao542024\/\" method=\"get\" role=\"search\" ><label for=\"is-search-input-10959\"><span class=\"is-screen-reader-text\">Search for:<\/span><input  type=\"search\" id=\"is-search-input-10959\" name=\"s\" value=\"\" class=\"is-search-input\" placeholder=\"Filtro\" autocomplete=off \/><span class=\"is-loader-image\" style=\"display: none;background-image:url(https:\/\/hugo.org.br\/termodecolaboracao542024\/wp-content\/plugins\/add-search-to-menu\/public\/images\/spinner.gif);\" ><\/span><\/label><button type=\"submit\" class=\"is-search-submit\"><span class=\"is-screen-reader-text\">Search Button<\/span><span class=\"is-search-icon\"><svg focusable=\"false\" aria-label=\"Search\" xmlns=\"http:\/\/www.w3.org\/2000\/svg\" viewBox=\"0 0 24 24\" width=\"24px\"><path d=\"M15.5 14h-.79l-.28-.27C15.41 12.59 16 11.11 16 9.5 16 5.91 13.09 3 9.5 3S3 5.91 3 9.5 5.91 16 9.5 16c1.61 0 3.09-.59 4.23-1.57l.27.28v.79l5 4.99L20.49 19l-4.99-5zm-6 0C7.01 14 5 11.99 5 9.5S7.01 5 9.5 5 14 7.01 14 9.5 11.99 14 9.5 14z\"><\/path><\/svg><\/span><\/button><input type=\"hidden\" name=\"id\" value=\"10959\" \/><input type=\"hidden\" name=\"post_type\" value=\"attachment\" \/><\/form>\n<div class=\"rtbs  rtbs_8-1-copia-integral-dos-convenios-termos-de-parcerias-acordos-ajustes-ou-instrumentos-congeneres-realizados-com-o-poder-publico-estadual-e-respectivos-aditivos\"><div class=\"rtbs_slug\" style=\"display:none\">8-1-copia-integral-dos-convenios-termos-de-parcerias-acordos-ajustes-ou-instrumentos-congeneres-realizados-com-o-poder-publico-estadual-e-respectivos-aditivos<\/div><div class=\"rtbs_inactive_tab_background\" style=\"display:none\">transparent<\/div><div class=\"rtbs_breakpoint\" style=\"display:none\">600<\/div><div class=\"rtbs_color\" style=\"display:none\">#12bece<\/div>\r\n        <div class=\"rtbs_menu\">\r\n            <ul>\r\n                <li class=\"mobile_toggle\">&zwnj;<\/li><li class=\"current\"><a style=\"background:#12bece\" class=\"active 8-1-copia-integral-dos-convenios-termos-de-parcerias-acordos-ajustes-ou-instrumentos-congeneres-realizados-com-o-poder-publico-estadual-e-respectivos-aditivos-tab-link-0\" href=\"#\" data-tab=\"#8-1-copia-integral-dos-convenios-termos-de-parcerias-acordos-ajustes-ou-instrumentos-congeneres-realizados-com-o-poder-publico-estadual-e-respectivos-aditivos-tab-0\">2024<\/a><\/li>\r\n            <\/ul>\r\n        <\/div><div style=\"border-top:7px solid #12bece;\" id=\"8-1-copia-integral-dos-convenios-termos-de-parcerias-acordos-ajustes-ou-instrumentos-congeneres-realizados-com-o-poder-publico-estadual-e-respectivos-aditivos-tab-0\" class=\"rtbs_content active\"><ul>\n<li>\n<p><a href=\"https:\/\/hugo.org.br\/termodecolaboracao542024\/wp-content\/uploads\/2021\/12\/TERMO-COMP.-013-2024-HOSPITAL-DE-UERGENCIA-DE-GOIANIA-DR.-VALDUMIRO-CRUZ-HUGO-HEMOGO-13012025-2001.pdf\">Termo de compromisso (Hemoterapia) - Ano 2024.pdf<\/a><\/p>\n<\/li>\n<\/ul>\n<div style=\"margin-top:30px; clear:both;\"><\/div><\/div>\r\n    <\/div>\r\n    \n<p><a href=\"\/transparencia\"><i class=\"fas fa-circle-chevron-left\"><\/i>\u00a0Voltar<\/a><\/p>\n","protected":false},"excerpt":{"rendered":"<p>Voc\u00ea est\u00e1 aqui: Home &gt; Acesso \u00e0 Informa\u00e7\u00e3o &gt; C\u00f3pia integral dos conv\u00eanios, termos de parcerias, acordos, ajustes ou instrumentos cong\u00eaneres realizados com recursos oriundos do Poder P\u00fablico Estadual e seus respectivos aditivos e o relat\u00f3rio consolidados dos conv\u00eanios, termos de parcerias, acordos, ajustes ou instrumentos cong\u00eaneres \u00a0Voltar<\/p>\n","protected":false},"author":20,"featured_media":0,"parent":0,"menu_order":0,"comment_status":"closed","ping_status":"closed","template":"","meta":{"_et_pb_use_builder":"","_et_pb_old_content":"","_et_gb_content_width":"","footnotes":""},"class_list":["post-7067","page","type-page","status-publish","hentry"],"_links":{"self":[{"href":"https:\/\/hugo.org.br\/termodecolaboracao542024\/wp-json\/wp\/v2\/pages\/7067","targetHints":{"allow":["GET"]}}],"collection":[{"href":"https:\/\/hugo.org.br\/termodecolaboracao542024\/wp-json\/wp\/v2\/pages"}],"about":[{"href":"https:\/\/hugo.org.br\/termodecolaboracao542024\/wp-json\/wp\/v2\/types\/page"}],"author":[{"embeddable":true,"href":"https:\/\/hugo.org.br\/termodecolaboracao542024\/wp-json\/wp\/v2\/users\/20"}],"replies":[{"embeddable":true,"href":"https:\/\/hugo.org.br\/termodecolaboracao542024\/wp-json\/wp\/v2\/comments?post=7067"}],"version-history":[{"count":11,"href":"https:\/\/hugo.org.br\/termodecolaboracao542024\/wp-json\/wp\/v2\/pages\/7067\/revisions"}],"predecessor-version":[{"id":11805,"href":"https:\/\/hugo.org.br\/termodecolaboracao542024\/wp-json\/wp\/v2\/pages\/7067\/revisions\/11805"}],"wp:attachment":[{"href":"https:\/\/hugo.org.br\/termodecolaboracao542024\/wp-json\/wp\/v2\/media?parent=7067"}],"curies":[{"name":"wp","href":"https:\/\/api.w.org\/{rel}","templated":true}]}}