{"id":7095,"date":"2021-12-17T22:12:43","date_gmt":"2021-12-18T01:12:43","guid":{"rendered":"https:\/\/hugo.org.br\/?page_id=7095"},"modified":"2025-01-23T12:18:01","modified_gmt":"2025-01-23T15:18:01","slug":"competencias-previstas-nos-termos-de-colaboracao-e-ou-fomento","status":"publish","type":"page","link":"https:\/\/hugo.org.br\/termodecolaboracao542024\/competencias-previstas-nos-termos-de-colaboracao-e-ou-fomento\/","title":{"rendered":"Compet\u00eancias previstas nos Termos de Colabora\u00e7\u00e3o e\/ou Fomento"},"content":{"rendered":"<p>Voc\u00ea est\u00e1 aqui: <a href=\"\/home\">Home<\/a> &gt; <a href=\"\/transparencia\">Acesso \u00e0 Informa\u00e7\u00e3o<\/a> &gt; Compet\u00eancias previstas nos Termos de Colabora\u00e7\u00e3o e\/ou Fomento<\/p>\n<form data-min-no-for-search=1 data-result-box-max-height=400 data-form-id=10959 class=\"is-search-form is-form-style is-form-style-3 is-form-id-10959 is-ajax-search\" action=\"https:\/\/hugo.org.br\/termodecolaboracao542024\/\" method=\"get\" role=\"search\" ><label for=\"is-search-input-10959\"><span class=\"is-screen-reader-text\">Search for:<\/span><input  type=\"search\" id=\"is-search-input-10959\" name=\"s\" value=\"\" class=\"is-search-input\" placeholder=\"Filtro\" autocomplete=off \/><span class=\"is-loader-image\" style=\"display: none;background-image:url(https:\/\/hugo.org.br\/termodecolaboracao542024\/wp-content\/plugins\/add-search-to-menu\/public\/images\/spinner.gif);\" ><\/span><\/label><button type=\"submit\" class=\"is-search-submit\"><span class=\"is-screen-reader-text\">Search Button<\/span><span class=\"is-search-icon\"><svg focusable=\"false\" aria-label=\"Search\" xmlns=\"http:\/\/www.w3.org\/2000\/svg\" viewBox=\"0 0 24 24\" width=\"24px\"><path d=\"M15.5 14h-.79l-.28-.27C15.41 12.59 16 11.11 16 9.5 16 5.91 13.09 3 9.5 3S3 5.91 3 9.5 5.91 16 9.5 16c1.61 0 3.09-.59 4.23-1.57l.27.28v.79l5 4.99L20.49 19l-4.99-5zm-6 0C7.01 14 5 11.99 5 9.5S7.01 5 9.5 5 14 7.01 14 9.5 11.99 14 9.5 14z\"><\/path><\/svg><\/span><\/button><input type=\"hidden\" name=\"id\" value=\"10959\" \/><input type=\"hidden\" name=\"post_type\" value=\"attachment\" \/><\/form>\n<div class=\"rtbs  rtbs_2-5-competencias-previstas-no-contrato-de-gestao\"><div class=\"rtbs_slug\" style=\"display:none\">2-5-competencias-previstas-no-contrato-de-gestao<\/div><div class=\"rtbs_inactive_tab_background\" style=\"display:none\">transparent<\/div><div class=\"rtbs_breakpoint\" style=\"display:none\">600<\/div><div class=\"rtbs_color\" style=\"display:none\">#12bece<\/div>\r\n        <div class=\"rtbs_menu\">\r\n            <ul>\r\n                <li class=\"mobile_toggle\">&zwnj;<\/li><li class=\"current\"><a style=\"background:#12bece\" class=\"active 2-5-competencias-previstas-no-contrato-de-gestao-tab-link-0\" href=\"#\" data-tab=\"#2-5-competencias-previstas-no-contrato-de-gestao-tab-0\">2024<\/a><\/li>\r\n            <\/ul>\r\n        <\/div><div style=\"border-top:7px solid #12bece;\" id=\"2-5-competencias-previstas-no-contrato-de-gestao-tab-0\" class=\"rtbs_content active\"><p>\u00a0<\/p>\n<ul>\n<li><a href=\"https:\/\/hugo.org.br\/termodecolaboracao542024\/wp-content\/uploads\/2021\/12\/Competencias_prevista_no_Contrato_de_Gestao_54-2024_assinado.pdf\">Compet\u00eancias prevista no Contrato de Gest\u00e3o 54-2024.pdf<\/a><\/li>\n<\/ul>\n<div style=\"margin-top:30px; clear:both;\"><\/div><\/div>\r\n    <\/div>\r\n    \n<p><a href=\"\/transparencia\"><i class=\"fas fa-circle-chevron-left\"><\/i>\u00a0Voltar<\/a><\/p>\n","protected":false},"excerpt":{"rendered":"<p>Voc\u00ea est\u00e1 aqui: Home &gt; Acesso \u00e0 Informa\u00e7\u00e3o &gt; Compet\u00eancias previstas nos Termos de Colabora\u00e7\u00e3o e\/ou Fomento \u00a0Voltar<\/p>\n","protected":false},"author":20,"featured_media":0,"parent":0,"menu_order":0,"comment_status":"closed","ping_status":"closed","template":"","meta":{"_et_pb_use_builder":"","_et_pb_old_content":"","_et_gb_content_width":"","footnotes":""},"class_list":["post-7095","page","type-page","status-publish","hentry"],"_links":{"self":[{"href":"https:\/\/hugo.org.br\/termodecolaboracao542024\/wp-json\/wp\/v2\/pages\/7095","targetHints":{"allow":["GET"]}}],"collection":[{"href":"https:\/\/hugo.org.br\/termodecolaboracao542024\/wp-json\/wp\/v2\/pages"}],"about":[{"href":"https:\/\/hugo.org.br\/termodecolaboracao542024\/wp-json\/wp\/v2\/types\/page"}],"author":[{"embeddable":true,"href":"https:\/\/hugo.org.br\/termodecolaboracao542024\/wp-json\/wp\/v2\/users\/20"}],"replies":[{"embeddable":true,"href":"https:\/\/hugo.org.br\/termodecolaboracao542024\/wp-json\/wp\/v2\/comments?post=7095"}],"version-history":[{"count":10,"href":"https:\/\/hugo.org.br\/termodecolaboracao542024\/wp-json\/wp\/v2\/pages\/7095\/revisions"}],"predecessor-version":[{"id":11804,"href":"https:\/\/hugo.org.br\/termodecolaboracao542024\/wp-json\/wp\/v2\/pages\/7095\/revisions\/11804"}],"wp:attachment":[{"href":"https:\/\/hugo.org.br\/termodecolaboracao542024\/wp-json\/wp\/v2\/media?parent=7095"}],"curies":[{"name":"wp","href":"https:\/\/api.w.org\/{rel}","templated":true}]}}