{"id":7311,"date":"2022-04-01T13:57:20","date_gmt":"2022-04-01T16:57:20","guid":{"rendered":"https:\/\/hugo.org.br\/?page_id=7311"},"modified":"2024-04-10T22:50:08","modified_gmt":"2024-04-11T01:50:08","slug":"legislacao-aplicavel","status":"publish","type":"page","link":"https:\/\/hugo.org.br\/termodecolaboracao542024\/legislacao-aplicavel\/","title":{"rendered":"Legisla\u00e7\u00e3o aplic\u00e1vel"},"content":{"rendered":"<p>Voc\u00ea est\u00e1 aqui: <a href=\"\/home\">Home<\/a> &gt; <a href=\"\/transparencia\">Acesso \u00e0 Informa\u00e7\u00e3o<\/a> &gt; Legisla\u00e7\u00e3o aplic\u00e1vel<\/p>\n<form data-min-no-for-search=1 data-result-box-max-height=400 data-form-id=10959 class=\"is-search-form is-form-style is-form-style-3 is-form-id-10959 is-ajax-search\" action=\"https:\/\/hugo.org.br\/termodecolaboracao542024\/\" method=\"get\" role=\"search\" ><label for=\"is-search-input-10959\"><span class=\"is-screen-reader-text\">Search for:<\/span><input  type=\"search\" id=\"is-search-input-10959\" name=\"s\" value=\"\" class=\"is-search-input\" placeholder=\"Filtro\" autocomplete=off \/><span class=\"is-loader-image\" style=\"display: none;background-image:url(https:\/\/hugo.org.br\/termodecolaboracao542024\/wp-content\/plugins\/add-search-to-menu\/public\/images\/spinner.gif);\" ><\/span><\/label><button type=\"submit\" class=\"is-search-submit\"><span class=\"is-screen-reader-text\">Search Button<\/span><span class=\"is-search-icon\"><svg focusable=\"false\" aria-label=\"Search\" xmlns=\"http:\/\/www.w3.org\/2000\/svg\" viewBox=\"0 0 24 24\" width=\"24px\"><path d=\"M15.5 14h-.79l-.28-.27C15.41 12.59 16 11.11 16 9.5 16 5.91 13.09 3 9.5 3S3 5.91 3 9.5 5.91 16 9.5 16c1.61 0 3.09-.59 4.23-1.57l.27.28v.79l5 4.99L20.49 19l-4.99-5zm-6 0C7.01 14 5 11.99 5 9.5S7.01 5 9.5 5 14 7.01 14 9.5 11.99 14 9.5 14z\"><\/path><\/svg><\/span><\/button><input type=\"hidden\" name=\"id\" value=\"10959\" \/><input type=\"hidden\" name=\"post_type\" value=\"attachment\" \/><\/form>\n<div class=\"rtbs  rtbs_2-6-legislacao-aplicavel\"><div class=\"rtbs_slug\" style=\"display:none\">2-6-legislacao-aplicavel<\/div><div class=\"rtbs_inactive_tab_background\" style=\"display:none\">transparent<\/div><div class=\"rtbs_breakpoint\" style=\"display:none\">600<\/div><div class=\"rtbs_color\" style=\"display:none\">#12bece<\/div>\r\n        <div class=\"rtbs_menu\">\r\n            <ul>\r\n                <li class=\"mobile_toggle\">&zwnj;<\/li><li class=\"current\"><a style=\"background:#12bece\" class=\"active 2-6-legislacao-aplicavel-tab-link-0\" href=\"#\" data-tab=\"#2-6-legislacao-aplicavel-tab-0\">2024<\/a><\/li>\r\n            <\/ul>\r\n        <\/div><div style=\"border-top:7px solid #12bece;\" id=\"2-6-legislacao-aplicavel-tab-0\" class=\"rtbs_content active\"><ul>\n<li><a href=\"https:\/\/www.planalto.gov.br\/ccivil_03\/_ato2011-2014\/2011\/lei\/l12527.htm\">Lei Federal n\u00ba 12.527, de 18 de novembro de 2011<\/a>. Regula o acesso a informa\u00e7\u00f5es previsto no inciso XXXIII do art. 5\u00ba, no inciso II do \u00a7 3\u00ba do art. 37 e no \u00a7 2\u00ba do art. 216 da Constitui\u00e7\u00e3o Federal; altera a Lei n\u00ba 8.112, de 11 de dezembro de 1990; revoga a Lei n\u00ba 11.111, de 5 de maio de 2005, e dispositivos da Lei n\u00ba 8.159, de 8 de janeiro de 1991; e d\u00e1 outras provid\u00eancias.<\/li>\n<li><a href=\"https:\/\/www.planalto.gov.br\/ccivil_03\/_ato2011-2014\/2014\/lei\/l13019.htm\">Lei Federal n\u00ba 13.019 de 31 de julho de 2014,<\/a> que estabelece o regime jur\u00eddico das parcerias entre a administra\u00e7\u00e3o p\u00fablica e as organiza\u00e7\u00f5es da sociedade civil, em regime de m\u00fatua coopera\u00e7\u00e3o, para a consecu\u00e7\u00e3o de finalidades de interesse p\u00fablico e rec\u00edproco, mediante a execu\u00e7\u00e3o de atividades ou de projetos previamente estabelecidos em planos de trabalho inseridos em termos de colabora\u00e7\u00e3o, em termos de fomento ou em acordos de coopera\u00e7\u00e3o; define diretrizes para a pol\u00edtica de fomento, de colabora\u00e7\u00e3o e de coopera\u00e7\u00e3o com organiza\u00e7\u00f5es da sociedade civil; e altera as Leis n\u00ba 8.429, de 2 de junho de 1992, e 9.790, de 23 de mar\u00e7o de 1999. (Reda\u00e7\u00e3o dada pela Lei n\u00ba 13.204, de 2015).<\/li>\n<li><a href=\"https:\/\/www.planalto.gov.br\/ccivil_03\/_ato2015-2018\/2015\/lei\/l13204.htm\">Lei n\u00ba 13.204, de 14 de dezembro de 2015<\/a> que, altera a Lei n\u00ba 13.019, de 31 de julho de 2014, \u201cque estabelece o regime jur\u00eddico das parcerias volunt\u00e1rias, envolvendo ou n\u00e3o transfer\u00eancias de recursos financeiros, entre a administra\u00e7\u00e3o p\u00fablica e as organiza\u00e7\u00f5es da sociedade civil, em regime de m\u00fatua coopera\u00e7\u00e3o, para a consecu\u00e7\u00e3o de finalidades de interesse p\u00fablico; define diretrizes para a pol\u00edtica de fomento e de colabora\u00e7\u00e3o com organiza\u00e7\u00f5es da sociedade civil; institui o termo de colabora\u00e7\u00e3o e ou fomento; e altera as Leis n \u00ba 8.429, de 2 de junho de 1992, e 9.790, de 23 de mar\u00e7o de 1999\u201d; altera as Leis n \u00ba 8.429, de 2 de junho de 1992, 9.790, de 23 de mar\u00e7o de 1999, 9.249, de 26 de dezembro de 1995, 9.532,de 10 de dezembro de 1997, 12.101, de 27 de novembro de 2009, e 8.666, de 21 de junho de 1993; e revoga a Lei n\u00ba 91,de 28 de agosto de 1935.<\/li>\n<li><a href=\"https:\/\/www.planalto.gov.br\/ccivil_03\/leis\/l8080.htm\">Lei Federal n\u00ba 8.080, de 19 de setembro de 1990<\/a>. Disp\u00f5e sobre as condi\u00e7\u00f5es para a promo\u00e7\u00e3o, prote\u00e7\u00e3o e recupera\u00e7\u00e3o da sa\u00fade, a organiza\u00e7\u00e3o e o funcionamento dos servi\u00e7os correspondentes e d\u00e1 outras provid\u00eancias.<\/li>\n<li><a href=\"https:\/\/legislacao.presidencia.gov.br\/atos\/?tipo=LEI&amp;numero=14977&amp;ano=2024&amp;ato=7d9MzYq5ENZpWT7df\">Lei Federal n\u00ba 14.977 de 18 de setembro de 2024<\/a>. Altera a Lei n\u00ba 8.080, de 19 de setembro de 1990 (Lei Org\u00e2nica da Sa\u00fade), para dispor sobre a produ\u00e7\u00e3o, por laborat\u00f3rios farmac\u00eauticos de natureza p\u00fablica, de princ\u00edpios ativos destinados ao tratamento de doen\u00e7as determinadas socialmente.<\/li>\n<li><a href=\"https:\/\/www.planalto.gov.br\/ccivil_03\/_ato2015-2018\/2018\/lei\/l13709.htm\">Lei Federal n\u00ba 13.709, de 14 de agosto de 2018<\/a>, disp\u00f5e sobre o tratamento de dados pessoais.<\/li>\n<li><a href=\"https:\/\/www.planalto.gov.br\/ccivil_03\/_ato2015-2018\/2016\/lei\/l13406.htm\">Lei Federal n\u00ba 13.406, de 6 de julho de 2015<\/a>. Institui a Lei Brasileira de Inclus\u00e3o da Pessoa com Defici\u00eancia (Estatuto da Pessoa com Defici\u00eancia).<\/li>\n<li><a href=\"https:\/\/legislacao.presidencia.gov.br\/atos\/?tipo=LEI&amp;numero=12846&amp;ano=2013&amp;ato=60bQTVU50MVpWT0ed\">Lei Federal n\u00b012.846, de 01 de agosto de 2013<\/a>. Disp\u00f5e sobre a responsabiliza\u00e7\u00e3o administrativa e civil de pessoas jur\u00eddicas pela pr\u00e1tica de atos contra a administra\u00e7\u00e3o p\u00fablica, nacional ou estrangeira, e d\u00e1 outras provid\u00eancias.<\/li>\n<li><a href=\"https:\/\/legisla.casacivil.go.gov.br\/pesquisa_legislacao\/66321\/decreto-7904\">Decreto Estadual\u00a0\u00a0\u00a0 n\u00ba 7.904, de 11 de junho de 2013<\/a>. Regulamenta a Lei n\u00ba 18.025, de 22 de maio de 2013, que disp\u00f5e sobre o acesso \u00e0 informa\u00e7\u00e3o e a aplica\u00e7\u00e3o da Lei n\u00ba 12.527, de 18 de novembro de 2011, no \u00e2mbito do Estado de Goi\u00e1s, institui o servi\u00e7o de informa\u00e7\u00e3o aos cidad\u00e3os e d\u00e1 outras provid\u00eancias.<\/li>\n<li><a href=\"https:\/\/legisla.casacivil.go.gov.br\/pesquisa_legislacao\/108211\/decreto-10356\">Decreto Estadual n\u00ba 10.356, de 8 de dezembro de 2023<\/a>, disp\u00f5e sobre a aplica\u00e7\u00e3o da Lei federal n\u00ba 13.019, de 31 de julho de 2014, que estabelece o regime jur\u00eddico das parcerias com organiza\u00e7\u00f5es da sociedade civil \u2013 OSCs, no \u00e2mbito da Secretaria de Estado da Sa\u00fade de Goi\u00e1s (SES).<\/li>\n<li><a href=\"https:\/\/legisla.casacivil.go.gov.br\/api\/v2\/pesquisa\/legislacoes\/107670\/pdf\">Decreto Estadual n\u00ba 10.306, de 21de agosto de 2023<\/a>. Regulamenta a Lei estadual n\u00ba 18.025, de 22 de maio de 2013, que disp\u00f5e sobre o acesso a informa\u00e7\u00f5es e a aplica\u00e7\u00e3o da Lei federal n\u00ba 12.527, de 18 de novembro de 2011, no \u00e2mbito do Estado de Goi\u00e1s, e institui o servi\u00e7o de informa\u00e7\u00e3o ao cidad\u00e3o, e revoga o Decreto n\u00ba 7.904, de 11 de junho de 2013.<\/li>\n<li><a href=\"https:\/\/legisla.casacivil.go.gov.br\/pesquisa_legislacao\/69807\/decreto-9063\">Decreto Estadual n\u00ba 9.063, de 04de outubro de 2017<\/a>. Disciplina a realiza\u00e7\u00e3o de invent\u00e1rio dos bens tang\u00edveis e intang\u00edveis integrantes do patrim\u00f4nio p\u00fablico e a respectiva avalia\u00e7\u00e3o, no \u00e2mbito da Administra\u00e7\u00e3o direta, aut\u00e1rquica, fundacional e dos fundos especiais do Poder Executivo.<\/li>\n<li><a href=\"https:\/\/legisla.casacivil.go.gov.br\/pesquisa_legislacao\/108838\/decreto-10466\">Decreto Estadual n\u00ba 10.466, de 14 de maio de 2024<\/a>. Disp\u00f5e sobre a atividade e a estrutura de ouvidoria no Poder Executivo do Estado de Goi\u00e1s.<\/li>\n<\/ul>\n<p><strong>\u00a0 \u00a0 \u00a0 PORTARIAS<\/strong><\/p>\n<ul>\n<li><a href=\"https:\/\/hospitalhugo.com.br\/wp-content\/uploads\/2020\/08\/PORTARIA-N-894-2016-GAB-SES.pdf\">Portaria n\u00ba 894-2016 SES\/GO<\/a> - Conta Espec\u00edfica<\/li>\n<li>\n<p><a href=\"https:\/\/hugo.org.br\/termodecolaboracao542024\/wp-content\/uploads\/2021\/12\/Portaria-no-1038-2017-SESGO-\u2013-SIPEF.pdf\">Portaria n\u00ba 1038-2017 SESGO<\/a> - Disp\u00f5e sobre as informa\u00e7\u00f5es lan\u00e7adas no Sistema de Presta\u00e7\u00e3o de Contas \u2013 SIPEF.<\/p>\n<\/li>\n<li><a href=\"https:\/\/goias.gov.br\/saude\/wp-content\/uploads\/sites\/34\/2020\/03\/Portaria-no-426-Repasse-de-recursos-financeiros-as-OSs-a-titulo-de-investimento-c8a.pdf\">Portaria n\u00b0. 426\/2021 SES\/GO<\/a> \u2013 Repasse de recursos financeiros \u00e0s OSs a t\u00edtulo de investimento.<\/li>\n<li>Portaria n\u00b0. 518\/2018 SES\/GO \u2013 Composi\u00e7\u00e3o e compet\u00eancias da COMACG.<\/li>\n<li>Portaria n\u00ba 994, de 22 de fevereiro de 2023. Institui normas para movimenta\u00e7\u00e3o dos recursos transferidos pela SES aos Parceiros Privados, necess\u00e1rios ao cumprimento dos contratos de gest\u00e3o, termos de colabora\u00e7\u00e3o e termos de fomento.<\/li>\n<li><a href=\"https:\/\/goias.gov.br\/saude\/wp-content\/uploads\/sites\/34\/2023\/12\/portaria-conjunta-legislacao-oss-001-2021.pdf\">Portaria Conjunta n\u00ba 001\/2021-SEC-CEXTERNO\/TCE\/CGE<\/a>\u00a0\u2013 resolvem: aprovar as metodologias a serem utilizadas pela Secretaria de Controle Externo do TCE-GO e pela Controladoria-Geral do Estado de Goi\u00e1s para avalia\u00e7\u00e3o da transpar\u00eancia ativa e passiva dos \u00f3rg\u00e3os e entidades estaduais, bem como das organiza\u00e7\u00f5es sem fins lucrativos que recebem recursos p\u00fablicos e seus respectivos \u00f3rg\u00e3os supervisores.<\/li>\n<li><a href=\"https:\/\/goias.gov.br\/wp-content\/uploads\/sites\/31\/files\/Normas_cge\/migracao\/Portaria_Intersecretarial_01_2014_SES_AGR_CGE.pdf\">Portaria Intersecretarial SES\/AGR\/CGE n\u00ba 01 de 03 de novembro de 2014.<\/a><\/li>\n<\/ul>\n<p><strong>\u00a0 \u00a0 \u00a0 \u00a0RESOLU\u00c7\u00c3O<\/strong><\/p>\n<ul>\n<li><a href=\"https:\/\/gnoi.tce.go.gov.br\/atoNormativo\/Publicado\/22387\">Resolu\u00e7\u00e3o Normativa n\u00ba.09\/2024 do Tribunal de Contas do Estado de Goi\u00e1s - TCE<\/a> Disp\u00f5e sobre a atua\u00e7\u00e3o do controle externo nas parcerias entre a administra\u00e7\u00e3o p\u00fablica e entidades de direito privado sem fins lucrativos.<\/li>\n<\/ul>\n<p><strong>\u00a0 \u00a0 \u00a0 \u00a0METODOLOGIA<\/strong><\/p>\n<ul>\n<li><a href=\"https:\/\/goias.gov.br\/saude\/wp-content\/uploads\/sites\/34\/files\/avaliacao-termos-colaboracao\/metodologia-avaliacao-osc-2024.pdf\">1\u00aa Edi\u00e7\u00e3o da Metodologia de Avalia\u00e7\u00e3o dos Termos de Colabora\u00e7\u00e3o e\/ou Fomento da SES<\/a><\/li>\n<\/ul>\n<p>\u00a0 \u00a0 \u00a0 \u00a0 \u00a0 \u00a0Esta metodologia apresenta os crit\u00e9rios de avalia\u00e7\u00e3o de conformidade das p\u00e1ginas de acesso \u00e0 informa\u00e7\u00e3o das organiza\u00e7\u00f5es da\u00a0 \u00a0 \u00a0 \u00a0 \u00a0 \u00a0 \u00a0 \u00a0 \u00a0 \u00a0 \u00a0 \u00a0 \u00a0 \u00a0sociedade civil \u2013 OSCs e do \u00f3rg\u00e3o supervisor, observando a legisla\u00e7\u00e3o e normativos pertinentes ao termo de colabora\u00e7\u00e3o. Tendo como\u00a0 \u00a0 \u00a0 \u00a0 \u00a0 \u00a0 \u00a0 \u00a0 \u00a0finalidade a transmiss\u00e3o de entendimento de forma pr\u00e1tica e objetiva dos itens exigidos e da responsabilidade pela divulga\u00e7\u00e3o da\u00a0 \u00a0 \u00a0 \u00a0 \u00a0 \u00a0 \u00a0 \u00a0 \u00a0 \u00a0 \u00a0 \u00a0 \u00a0 \u00a0informa\u00e7\u00e3o, a cargo da contratante e da CONTRATADA.<\/p>\n<p><strong>MANUAIS E REGULAMENTOS<\/strong><\/p>\n<ul>\n<li><a href=\"https:\/\/goias.gov.br\/saude\/wp-content\/uploads\/sites\/34\/2023\/12\/regulamento-final-avaliacao-oss-transparencia.pdf\">Regulamento da Avalia\u00e7\u00e3o das P\u00e1ginas de Acesso \u00e0 Informa\u00e7\u00e3o das Organiza\u00e7\u00f5es sem fins<\/a> <a href=\"https:\/\/goias.gov.br\/saude\/wp-content\/uploads\/sites\/34\/2023\/12\/regulamento-final-avaliacao-oss-transparencia.pdf\">lucrativos que recebem recursos p\u00fablicos e seu respectivo \u00f3rg\u00e3o supervisor \u2013 SES\/GO.<\/a><\/li>\n<li><a href=\"https:\/\/www.saude.go.gov.br\/files\/ostransparencia\/transparencia\/legislacao\/Manuais\/Manual%20de%20Monitoramento%20e%20Avalia%C3%A7%C3%A3o%20dos%20Contratos%20de%20Gest%C3%A3o.pdf\">Manual de Monitoramento e Avalia\u00e7\u00e3o dos Contratos de Gest\u00e3o com OSS <\/a>\u2013 SES\/GO.\u00a0 Procedimento Operacional Padr\u00e3o da COMFIC -SES\/GO.<\/li>\n<\/ul>\n<p>\u00a0 \u00a0 \u00a0 \u00a0 \u00a0 Minuta Padr\u00e3o de contrato de gest\u00e3o, elaborada pela Procuradoria-Geral do Estado \u2013 2021 \u2013 a vers\u00e3o vigente est\u00e1 dispon\u00edvel no Portal de\u00a0 \u00a0 \u00a0 \u00a0 \u00a0 \u00a0 Transpar\u00eancia, Grupo: Informa\u00e7\u00f5es gerais, Item: Contrato de gest\u00e3o\/aditivos.<\/p>\n<div style=\"margin-top:30px; clear:both;\"><\/div><\/div>\r\n    <\/div>\r\n    \n<p><a href=\"\/transparencia\"><i class=\"fas fa-circle-chevron-left\"><\/i>\u00a0Voltar<\/a><\/p>\n","protected":false},"excerpt":{"rendered":"<p>Voc\u00ea est\u00e1 aqui: Home &gt; Acesso \u00e0 Informa\u00e7\u00e3o &gt; Legisla\u00e7\u00e3o aplic\u00e1vel \u00a0Voltar<\/p>\n","protected":false},"author":20,"featured_media":0,"parent":0,"menu_order":0,"comment_status":"closed","ping_status":"closed","template":"","meta":{"_et_pb_use_builder":"","_et_pb_old_content":"","_et_gb_content_width":"","footnotes":""},"class_list":["post-7311","page","type-page","status-publish","hentry"],"_links":{"self":[{"href":"https:\/\/hugo.org.br\/termodecolaboracao542024\/wp-json\/wp\/v2\/pages\/7311","targetHints":{"allow":["GET"]}}],"collection":[{"href":"https:\/\/hugo.org.br\/termodecolaboracao542024\/wp-json\/wp\/v2\/pages"}],"about":[{"href":"https:\/\/hugo.org.br\/termodecolaboracao542024\/wp-json\/wp\/v2\/types\/page"}],"author":[{"embeddable":true,"href":"https:\/\/hugo.org.br\/termodecolaboracao542024\/wp-json\/wp\/v2\/users\/20"}],"replies":[{"embeddable":true,"href":"https:\/\/hugo.org.br\/termodecolaboracao542024\/wp-json\/wp\/v2\/comments?post=7311"}],"version-history":[{"count":7,"href":"https:\/\/hugo.org.br\/termodecolaboracao542024\/wp-json\/wp\/v2\/pages\/7311\/revisions"}],"predecessor-version":[{"id":11059,"href":"https:\/\/hugo.org.br\/termodecolaboracao542024\/wp-json\/wp\/v2\/pages\/7311\/revisions\/11059"}],"wp:attachment":[{"href":"https:\/\/hugo.org.br\/termodecolaboracao542024\/wp-json\/wp\/v2\/media?parent=7311"}],"curies":[{"name":"wp","href":"https:\/\/api.w.org\/{rel}","templated":true}]}}