{"id":7490,"date":"2022-05-27T12:15:47","date_gmt":"2022-05-27T15:15:47","guid":{"rendered":"https:\/\/hugo.org.br\/?page_id=7490"},"modified":"2022-05-27T12:26:31","modified_gmt":"2022-05-27T15:26:31","slug":"noticias","status":"publish","type":"page","link":"https:\/\/hugo.org.br\/termodecolaboracao542024\/noticias\/","title":{"rendered":"Not\u00edcias"},"content":{"rendered":"<p>[et_pb_section fb_built=&#8221;1&#8243; admin_label=&#8221;Transpar\u00eancia&#8221; _builder_version=&#8221;3.24&#8243; background_color=&#8221;#ffffff&#8221; custom_margin=&#8221;0px||&#8221; custom_padding=&#8221;70px|0px|70px|0px|false|false&#8221;][et_pb_row _builder_version=&#8221;3.25.2&#8243; custom_padding=&#8221;0px||39px|||&#8221;][et_pb_column type=&#8221;4_4&#8243; _builder_version=&#8221;3.25.2&#8243;][et_pb_text _builder_version=&#8221;4.9.4&#8243; text_font=&#8221;|300|||||||&#8221;]<\/p>\n<p>Voc\u00ea est\u00e1 aqui: <a href=\"https:\/\/hugo.org.br\/termodecolaboracao542024\">Home<\/a> &gt; Not\u00edcias<\/p>\n<p>[\/et_pb_text][\/et_pb_column][\/et_pb_row][et_pb_row column_structure=&#8221;2_3,1_3&#8243; _builder_version=&#8221;4.7.0&#8243; _module_preset=&#8221;default&#8221;][et_pb_column type=&#8221;2_3&#8243; _builder_version=&#8221;4.7.0&#8243; _module_preset=&#8221;default&#8221;][et_pb_blog fullwidth=&#8221;off&#8221; include_categories=&#8221;6&#8243; meta_date=&#8221;j M Y&#8221; show_more=&#8221;on&#8221; show_author=&#8221;off&#8221; _builder_version=&#8221;4.9.4&#8243; _module_preset=&#8221;default&#8221; meta_font=&#8221;Roboto|300|||||||&#8221; read_more_font=&#8221;|300|||||||&#8221; text_orientation=&#8221;left&#8221; border_radii=&#8221;on|10px|10px|10px|10px&#8221; border_radii_image=&#8221;off|10px|10px||&#8221; border_width_all_image=&#8221;3px&#8221; border_color_all_image=&#8221;#218727&#8243; box_shadow_style=&#8221;preset2&#8243;][\/et_pb_blog][\/et_pb_column][et_pb_column type=&#8221;1_3&#8243; _builder_version=&#8221;4.7.0&#8243; _module_preset=&#8221;default&#8221;][et_pb_sidebar _builder_version=&#8221;4.9.4&#8243; _module_preset=&#8221;default&#8221;][\/et_pb_sidebar][\/et_pb_column][\/et_pb_row][\/et_pb_section][et_pb_section fb_built=&#8221;1&#8243; admin_label=&#8221;Rodap\u00e9&#8221; module_id=&#8221;Rodap\u00e9&#8221; _builder_version=&#8221;3.22.3&#8243; background_color=&#8221;#eeeef0&#8243; global_module=&#8221;4694&#8243; saved_tabs=&#8221;all&#8221;][et_pb_row _builder_version=&#8221;3.25&#8243;][et_pb_column type=&#8221;4_4&#8243; _builder_version=&#8221;3.25&#8243; custom_padding=&#8221;|||&#8221; custom_padding__hover=&#8221;|||&#8221;][et_pb_image src=&#8221;https:\/\/hugo.org.br\/termodecolaboracao542024\/wp-content\/uploads\/2022\/01\/logo_rodape_hugo.png&#8221; title_text=&#8221;logo_rodape_hugo&#8221; align=&#8221;center&#8221; align_tablet=&#8221;center&#8221; align_phone=&#8221;&#8221; align_last_edited=&#8221;on|desktop&#8221; admin_label=&#8221;Rodap\u00e9: Logos Institucionais&#8221; _builder_version=&#8221;4.9.4&#8243;][\/et_pb_image][et_pb_divider color=&#8221;#bababa&#8221; admin_label=&#8221;Rodap\u00e9: Divisor&#8221; _builder_version=&#8221;3.19.4&#8243;][\/et_pb_divider][et_pb_text admin_label=&#8221;Rodap\u00e9: Endere\u00e7o&#8221; _builder_version=&#8221;4.9.4&#8243; text_font=&#8221;|300|||||||&#8221; custom_padding=&#8221;0px|0px|0px|0px&#8221;]<\/p>\n<p style=\"text-align: center;\">Avenida 31 de mar\u00e7o esq. c\/ 5\u00aa Radial, Setor Pedro Ludovico, Goi\u00e2nia &#8211; GO, CEP: 74.820-300<br \/>(62) 3201-4455, <a href=\"mailto:atendimento@policlinicaposse.org.br\" style=\"outline-width: 0px !important; user-select: auto !important;\">atendimento@hugo.org.br<\/a>, CNPJ 12.053.184\/0001-37\u00a0<\/p>\n<p>[\/et_pb_text][et_pb_text admin_label=&#8221;Rodap\u00e9: Endere\u00e7o&#8221; _builder_version=&#8221;4.9.4&#8243; text_font=&#8221;|300|||||||&#8221; custom_padding=&#8221;0px|0px|0px|0px&#8221;]<\/p>\n<p><a href=\"http:\/\/www.vozdigital.com.br\" target=\"_blank\" rel=\"noopener\"><img loading=\"lazy\" decoding=\"async\" src=\"https:\/\/hugo.org.br\/termodecolaboracao542024\/wp-content\/uploads\/2021\/12\/by.png\" width=\"250\" height=\"30\" alt=\"\" class=\"wp-image-6889 alignnone size-full\" style=\"float: right;\" \/><\/a><\/p>\n<p>[\/et_pb_text][\/et_pb_column][\/et_pb_row][\/et_pb_section]<\/p>\n","protected":false},"excerpt":{"rendered":"<p>Voc\u00ea est\u00e1 aqui: Home &gt; Not\u00edciasAvenida 31 de mar\u00e7o esq. c\/ 5\u00aa Radial, Setor Pedro Ludovico, Goi\u00e2nia &#8211; GO, CEP: 74.820-300(62) 3201-4455, atendimento@hugo.org.br, CNPJ 12.053.184\/0001-37\u00a0<\/p>\n","protected":false},"author":20,"featured_media":0,"parent":0,"menu_order":0,"comment_status":"closed","ping_status":"closed","template":"","meta":{"_et_pb_use_builder":"on","_et_pb_old_content":"","_et_gb_content_width":"","footnotes":""},"class_list":["post-7490","page","type-page","status-publish","hentry"],"_links":{"self":[{"href":"https:\/\/hugo.org.br\/termodecolaboracao542024\/wp-json\/wp\/v2\/pages\/7490","targetHints":{"allow":["GET"]}}],"collection":[{"href":"https:\/\/hugo.org.br\/termodecolaboracao542024\/wp-json\/wp\/v2\/pages"}],"about":[{"href":"https:\/\/hugo.org.br\/termodecolaboracao542024\/wp-json\/wp\/v2\/types\/page"}],"author":[{"embeddable":true,"href":"https:\/\/hugo.org.br\/termodecolaboracao542024\/wp-json\/wp\/v2\/users\/20"}],"replies":[{"embeddable":true,"href":"https:\/\/hugo.org.br\/termodecolaboracao542024\/wp-json\/wp\/v2\/comments?post=7490"}],"version-history":[{"count":5,"href":"https:\/\/hugo.org.br\/termodecolaboracao542024\/wp-json\/wp\/v2\/pages\/7490\/revisions"}],"predecessor-version":[{"id":7497,"href":"https:\/\/hugo.org.br\/termodecolaboracao542024\/wp-json\/wp\/v2\/pages\/7490\/revisions\/7497"}],"wp:attachment":[{"href":"https:\/\/hugo.org.br\/termodecolaboracao542024\/wp-json\/wp\/v2\/media?parent=7490"}],"curies":[{"name":"wp","href":"https:\/\/api.w.org\/{rel}","templated":true}]}}