{"id":7580,"date":"2022-06-29T12:02:43","date_gmt":"2022-06-29T15:02:43","guid":{"rendered":"https:\/\/hugo.org.br\/?page_id=7580"},"modified":"2022-07-04T11:55:06","modified_gmt":"2022-07-04T14:55:06","slug":"missao","status":"publish","type":"page","link":"https:\/\/hugo.org.br\/termodecolaboracao542024\/missao\/","title":{"rendered":"Miss\u00e3o"},"content":{"rendered":"<p>Ser um hospital Geral, de esfera p\u00fablica que presta atendimento ambulatorial, interna\u00e7\u00e3o, urg\u00eancia e SADT, de demanda espont\u00e2nea e referenciada, em alta e m\u00e9dia complexidade, promover a assist\u00eancia hospitalar humanizada, com dignidade e respeito, prestando atendimento prioritariamente a Macrorregi\u00e3o Centro Oeste, mas tamb\u00e9m podendo oferecer suporte assistencial \u00e0s demais Macrorregi\u00f5es.<\/p>\n","protected":false},"excerpt":{"rendered":"<p>Ser um hospital Geral, de esfera p\u00fablica que presta atendimento ambulatorial, interna\u00e7\u00e3o, urg\u00eancia e SADT, de demanda espont\u00e2nea e referenciada, em alta e m\u00e9dia complexidade, promover a assist\u00eancia hospitalar humanizada, com dignidade e respeito, prestando atendimento prioritariamente a Macrorregi\u00e3o Centro Oeste, mas tamb\u00e9m podendo oferecer suporte assistencial \u00e0s demais Macrorregi\u00f5es.<\/p>\n","protected":false},"author":20,"featured_media":0,"parent":0,"menu_order":0,"comment_status":"closed","ping_status":"closed","template":"","meta":{"_et_pb_use_builder":"","_et_pb_old_content":"","_et_gb_content_width":"","footnotes":""},"class_list":["post-7580","page","type-page","status-publish","hentry"],"_links":{"self":[{"href":"https:\/\/hugo.org.br\/termodecolaboracao542024\/wp-json\/wp\/v2\/pages\/7580","targetHints":{"allow":["GET"]}}],"collection":[{"href":"https:\/\/hugo.org.br\/termodecolaboracao542024\/wp-json\/wp\/v2\/pages"}],"about":[{"href":"https:\/\/hugo.org.br\/termodecolaboracao542024\/wp-json\/wp\/v2\/types\/page"}],"author":[{"embeddable":true,"href":"https:\/\/hugo.org.br\/termodecolaboracao542024\/wp-json\/wp\/v2\/users\/20"}],"replies":[{"embeddable":true,"href":"https:\/\/hugo.org.br\/termodecolaboracao542024\/wp-json\/wp\/v2\/comments?post=7580"}],"version-history":[{"count":2,"href":"https:\/\/hugo.org.br\/termodecolaboracao542024\/wp-json\/wp\/v2\/pages\/7580\/revisions"}],"predecessor-version":[{"id":7595,"href":"https:\/\/hugo.org.br\/termodecolaboracao542024\/wp-json\/wp\/v2\/pages\/7580\/revisions\/7595"}],"wp:attachment":[{"href":"https:\/\/hugo.org.br\/termodecolaboracao542024\/wp-json\/wp\/v2\/media?parent=7580"}],"curies":[{"name":"wp","href":"https:\/\/api.w.org\/{rel}","templated":true}]}}