{"id":7582,"date":"2022-06-29T12:03:42","date_gmt":"2022-06-29T15:03:42","guid":{"rendered":"https:\/\/hugo.org.br\/?page_id=7582"},"modified":"2022-07-04T11:55:33","modified_gmt":"2022-07-04T14:55:33","slug":"visao","status":"publish","type":"page","link":"https:\/\/hugo.org.br\/termodecolaboracao542024\/visao\/","title":{"rendered":"Vis\u00e3o de futuro"},"content":{"rendered":"<p>Ser refer\u00eancia regional em resolubilidade terap\u00eautica hospitalar, tornando-se um padr\u00e3o de excel\u00eancia em aten\u00e7\u00e3o hospitalar.<\/p>\n","protected":false},"excerpt":{"rendered":"<p>Ser refer\u00eancia regional em resolubilidade terap\u00eautica hospitalar, tornando-se um padr\u00e3o de excel\u00eancia em aten\u00e7\u00e3o hospitalar.<\/p>\n","protected":false},"author":20,"featured_media":0,"parent":0,"menu_order":0,"comment_status":"closed","ping_status":"closed","template":"","meta":{"_et_pb_use_builder":"","_et_pb_old_content":"","_et_gb_content_width":"","footnotes":""},"class_list":["post-7582","page","type-page","status-publish","hentry"],"_links":{"self":[{"href":"https:\/\/hugo.org.br\/termodecolaboracao542024\/wp-json\/wp\/v2\/pages\/7582","targetHints":{"allow":["GET"]}}],"collection":[{"href":"https:\/\/hugo.org.br\/termodecolaboracao542024\/wp-json\/wp\/v2\/pages"}],"about":[{"href":"https:\/\/hugo.org.br\/termodecolaboracao542024\/wp-json\/wp\/v2\/types\/page"}],"author":[{"embeddable":true,"href":"https:\/\/hugo.org.br\/termodecolaboracao542024\/wp-json\/wp\/v2\/users\/20"}],"replies":[{"embeddable":true,"href":"https:\/\/hugo.org.br\/termodecolaboracao542024\/wp-json\/wp\/v2\/comments?post=7582"}],"version-history":[{"count":2,"href":"https:\/\/hugo.org.br\/termodecolaboracao542024\/wp-json\/wp\/v2\/pages\/7582\/revisions"}],"predecessor-version":[{"id":7596,"href":"https:\/\/hugo.org.br\/termodecolaboracao542024\/wp-json\/wp\/v2\/pages\/7582\/revisions\/7596"}],"wp:attachment":[{"href":"https:\/\/hugo.org.br\/termodecolaboracao542024\/wp-json\/wp\/v2\/media?parent=7582"}],"curies":[{"name":"wp","href":"https:\/\/api.w.org\/{rel}","templated":true}]}}