{"id":7584,"date":"2022-06-29T12:04:24","date_gmt":"2022-06-29T15:04:24","guid":{"rendered":"https:\/\/hugo.org.br\/?page_id=7584"},"modified":"2022-12-05T22:20:59","modified_gmt":"2022-12-06T01:20:59","slug":"perfil","status":"publish","type":"page","link":"https:\/\/hugo.org.br\/termodecolaboracao542024\/perfil\/","title":{"rendered":"Miss\u00e3o, vis\u00e3o e valores"},"content":{"rendered":"<h4><\/h4>\n<p>&nbsp;<\/p>\n<h4>MISS\u00c3O<\/h4>\n<p>&nbsp;<\/p>\n<p>Ser um hospital geral, de esfera p\u00fablica, que presta atendimento ambulatorial, interna\u00e7\u00e3o, urg\u00eancia\/emerg\u00eancia e SADT, de demanda espont\u00e2nea e referenciada, em alta e m\u00e9dia complexidade, promovendo assist\u00eancia de qualidade, humanizada, segura e respeitosa.<\/p>\n<p>&nbsp;<\/p>\n<h4>VIS\u00c3O<\/h4>\n<p>&nbsp;<\/p>\n<p>Ser refer\u00eancia regional em resolubilidade terap\u00eautica hospitalar, tornando-se um padr\u00e3o de excel\u00eancia em aten\u00e7\u00e3o hospitalar.<\/p>\n<p>&nbsp;<\/p>\n<h4>VALORES<\/h4>\n<p>&nbsp;<\/p>\n<p>\u00c9tica, humaniza\u00e7\u00e3o, transpar\u00eancia, compaix\u00e3o, seguran\u00e7a do paciente, resolutividade, responsabilidade e excel\u00eacia em gest\u00e3o.<\/p>\n","protected":false},"excerpt":{"rendered":"<p>&nbsp; MISS\u00c3O &nbsp; Ser um hospital geral, de esfera p\u00fablica, que presta atendimento ambulatorial, interna\u00e7\u00e3o, urg\u00eancia\/emerg\u00eancia e SADT, de demanda espont\u00e2nea e referenciada, em alta e m\u00e9dia complexidade, promovendo assist\u00eancia de qualidade, humanizada, segura e respeitosa. &nbsp; VIS\u00c3O &nbsp; Ser refer\u00eancia regional em resolubilidade terap\u00eautica hospitalar, tornando-se um padr\u00e3o de excel\u00eancia em aten\u00e7\u00e3o hospitalar. &nbsp; [&hellip;]<\/p>\n","protected":false},"author":20,"featured_media":0,"parent":0,"menu_order":0,"comment_status":"closed","ping_status":"closed","template":"","meta":{"_et_pb_use_builder":"","_et_pb_old_content":"","_et_gb_content_width":"","footnotes":""},"class_list":["post-7584","page","type-page","status-publish","hentry"],"_links":{"self":[{"href":"https:\/\/hugo.org.br\/termodecolaboracao542024\/wp-json\/wp\/v2\/pages\/7584","targetHints":{"allow":["GET"]}}],"collection":[{"href":"https:\/\/hugo.org.br\/termodecolaboracao542024\/wp-json\/wp\/v2\/pages"}],"about":[{"href":"https:\/\/hugo.org.br\/termodecolaboracao542024\/wp-json\/wp\/v2\/types\/page"}],"author":[{"embeddable":true,"href":"https:\/\/hugo.org.br\/termodecolaboracao542024\/wp-json\/wp\/v2\/users\/20"}],"replies":[{"embeddable":true,"href":"https:\/\/hugo.org.br\/termodecolaboracao542024\/wp-json\/wp\/v2\/comments?post=7584"}],"version-history":[{"count":12,"href":"https:\/\/hugo.org.br\/termodecolaboracao542024\/wp-json\/wp\/v2\/pages\/7584\/revisions"}],"predecessor-version":[{"id":8185,"href":"https:\/\/hugo.org.br\/termodecolaboracao542024\/wp-json\/wp\/v2\/pages\/7584\/revisions\/8185"}],"wp:attachment":[{"href":"https:\/\/hugo.org.br\/termodecolaboracao542024\/wp-json\/wp\/v2\/media?parent=7584"}],"curies":[{"name":"wp","href":"https:\/\/api.w.org\/{rel}","templated":true}]}}