{"id":8027,"date":"2022-10-24T11:20:04","date_gmt":"2022-10-24T14:20:04","guid":{"rendered":"https:\/\/hugo.org.br\/?page_id=8027"},"modified":"2025-05-22T22:41:59","modified_gmt":"2025-05-23T01:41:59","slug":"mapa-do-site","status":"publish","type":"page","link":"https:\/\/hugo.org.br\/termodecolaboracao542024\/mapa-do-site\/","title":{"rendered":"Mapa do Site"},"content":{"rendered":"<p>Voc\u00ea est\u00e1 aqui: <a href=\"\/transparencia\">Home<\/a> &gt; Mapa do Site<\/p>\n<h2><strong><br \/>\nA<\/strong><\/h2>\n<ul>\n<li class=\"menu-item menu-item-type-post_type menu-item-object-page menu-item-8259\"><a role=\"link\" href=\"\/termodecolaboracao542024\/acessibilidade\/\"><span class=\"menu-image-title-after menu-image-title\">Acessibilidade<\/span><\/a><\/li>\n<li><a role=\"link\" href=\"\/termodecolaboracao542024\/atas-de-reunioes\">Atas de reuni\u00f5es<\/a><\/li>\n<li><a role=\"link\" href=\"\/termodecolaboracao542024\/processosseletivos\">Ato Convocat\u00f3rio e Avisos de sele\u00e7\u00e3o p\u00fablica para recrutamento e sele\u00e7\u00e3o de empregados e seus respectivos resultados<\/a><\/li>\n<li><a role=\"link\" href=\"\/termodecolaboracao542024\/atos-convocatorios-concernentes-as-alienacoes-aquisicoes-de-bens-contratacoes-de-obras-e-servicos-e-seus-respectivos-resultados\">Atos convocat\u00f3rios concernentes \u00e0s aliena\u00e7\u00f5es, aquisi\u00e7\u00f5es de bens, contrata\u00e7\u00f5es de obras e servi\u00e7os e seus respectivos resultados<\/a><\/li>\n<\/ul>\n<h2><strong><br \/>\nB<\/strong><\/h2>\n<ul>\n<li><a role=\"link\" href=\"\/termodecolaboracao542024\/bens-imoveis\">Bens im\u00f3veis<\/a><\/li>\n<li><a role=\"link\" href=\"\/termodecolaboracao542024\/bens-moveis\">Bens m\u00f3veis<\/a><\/li>\n<\/ul>\n<h2><strong><br \/>\nC<\/strong><\/h2>\n<ul>\n<li><a role=\"link\" href=\"\/termodecolaboracao542024\/competencias-previstas-nos-termos-de-colaboracao-e-ou-fomento\" rel=\"noreferrer\">Compet\u00eancias previstas nos Termos de Colabora\u00e7\u00e3o e\/ou Fomento<\/a><\/li>\n<li><a role=\"link\" href=\"\/termodecolaboracao542024\/contratos-assinados-com-terceiros-e-relatorio-consolidado-dos-contratos-com-terceiros\">Contratos assinados com terceiros e\u00a0relat\u00f3rio consolidado dos contratos com terceiros<\/a><\/li>\n<li><a role=\"link\" href=\"\/termodecolaboracao542024\/copia-integral-dos-convenios-termos-de-parcerias-acordos-ajustes-ou-instrumentos-congeneres-realizados-com-recursos-oriundos-do-poder-publico-estadual-e-seus-respectivos-aditivos\">C\u00f3pia integral dos conv\u00eanios, termos de parcerias, acordos, ajustes ou instrumentos cong\u00eaneres realizados com recursos oriundos do Poder P\u00fablico Estadual e seus respectivos aditivos<\/a><\/li>\n<\/ul>\n<h2><strong><br \/>\nD<\/strong><\/h2>\n<ul>\n<li><a role=\"link\" href=\"\/termodecolaboracao542024\/demonstracoes-contabeis-e-financeiras-com-as-respectivas-notas-explicativas\">Demonstra\u00e7\u00f5es Cont\u00e1beis e Financeiras, com as respectivas notas explicativas<\/a><\/li>\n<li><a role=\"link\" href=\"\/termodecolaboracao542024\/despesa-administrativa-quando-osc-e-unidade-gerida-se-situarem-em-localidades-diversas\">Despesa Administrativa quando OSC e Unidade Gerida se situarem em localidades diversas<\/a><\/li>\n<li><a role=\"link\" href=\"\/termodecolaboracao542024\/documentos-de-aprovacao-do-conselho-de-administracao-acerca-das-contas-e-das-demonstracoes-contabeis-e-financeiras\">Documentos de aprova\u00e7\u00e3o do Conselho de Administra\u00e7\u00e3o acerca das contas e das demonstra\u00e7\u00f5es cont\u00e1beis e financeiras<\/a><\/li>\n<li><a role=\"link\" href=\"\/termodecolaboracao542024\/documentos-de-aprovacao-dos-relatorios-gerenciais-por-parte-do-conselho-de-administracao\">Documentos de aprova\u00e7\u00e3o dos relat\u00f3rios gerenciais por parte do Conselho de Administra\u00e7\u00e3o<\/a><\/li>\n<\/ul>\n<h2><strong><br \/>\nE<\/strong><\/h2>\n<ul>\n<li><a role=\"link\" href=\"\/termodecolaboracao542024\/estatuto-social-regimento-interno\" rel=\"noreferrer\">Estatuto Social \/ Regimento Interno<\/a><\/li>\n<li><a role=\"link\" href=\"https:\/\/www.go.gov.br\/servicos-digitais\/cge\/nova-ouvidoria\/nova-manifestacao?orgao=43\" target=\"_blank\" rel=\"noopener noreferrer\">e-SIC Eletr\u00f4nico<\/a><\/li>\n<li><a role=\"link\" href=\"\/termodecolaboracao542024\/execucao-orcamentaria-mensal-e-acumulada-do-ano\">Execu\u00e7\u00e3o or\u00e7ament\u00e1ria mensal e acumulada do ano<\/a><\/li>\n<\/ul>\n<h2><strong><br \/>\nH<\/strong><\/h2>\n<ul>\n<li><a href=\"\/termodecolaboracao542024\/transparencia\">Home<\/a><\/li>\n<\/ul>\n<h2><strong><br \/>\nL<\/strong><\/h2>\n<ul>\n<li><a role=\"link\" href=\"\/termodecolaboracao542024\/legislacao-aplicavel\">Legisla\u00e7\u00e3o aplic\u00e1vel<\/a><\/li>\n<li><a role=\"link\" href=\"https:\/\/legisla.casacivil.go.gov.br\/api\/v2\/pesquisa\/legislacoes\/90142\/pdf\" target=\"_blank\" rel=\"noopener noreferrer\">Lei de Acesso \u00e0 Informa\u00e7\u00e3o Estadual<\/a><\/li>\n<\/ul>\n<h2><strong><br \/>\nM<\/strong><\/h2>\n<ul>\n<li><a role=\"link\" href=\"\/termodecolaboracao542024\/manifestacao-conclusiva-da-unidade-do-orgao-de-controle-interno\">Manifesta\u00e7\u00e3o Conclusiva da Unidade do \u00d3rg\u00e3o de Controle Interno<\/a><\/li>\n<li><a role=\"link\" href=\"\/termodecolaboracao542024\/manifestacao-conclusiva-da-unidade-supervisora\">Manifesta\u00e7\u00e3o Conclusiva da Unidade Supervisora<\/a><\/li>\n<li><a role=\"link\" href=\"\/termodecolaboracao542024\/membros-dos-conselhos-de-administracao-e-fiscal\">Membros dos Conselhos de Administra\u00e7\u00e3o e Fiscal<\/a><\/li>\n<\/ul>\n<h2><strong><br \/>\nO<\/strong><\/h2>\n<ul>\n<li><a role=\"link\" href=\"\/termodecolaboracao542024\/organograma\" rel=\"noreferrer\">Organograma<\/a><\/li>\n<li><a role=\"link\" href=\"\/termodecolaboracao542024\/ouvidoria-atendimento-presencial\">Ouvidoria \u2013 Atendimento Presencial<\/a><\/li>\n<\/ul>\n<h2><strong><br \/>\nP<\/strong><\/h2>\n<ul>\n<li><a role=\"link\" href=\"\/termodecolaboracao542024\/parecer-conclusivo-do-conselho-fiscal-acerca-das-contas-e-das-demonstracoes-contabeis-e-financeiras\">Parecer conclusivo do Conselho Fiscal acerca das contas e das demonstra\u00e7\u00f5es cont\u00e1beis e financeiras<\/a><\/li>\n<li><a role=\"link\" href=\"\/termodecolaboracao542024\/perguntas-e-respostas-frequentes\">Perguntas e Respostas Frequentes<\/a><\/li>\n<li><a role=\"link\" href=\"\/termodecolaboracao542024\/plano-de-cargos-beneficios-e-remuneracao\">Plano de cargos, benef\u00edcios e remunera\u00e7\u00e3o<\/a><\/li>\n<li><a role=\"link\" href=\"\/termodecolaboracao542024\/processo-de-chamamento-publico-e-ou-dispensa\" rel=\"noreferrer\">Processo de chamamento p\u00fablico e\/ou dispensa<\/a><\/li>\n<\/ul>\n<h2><strong><br \/>\nR<\/strong><\/h2>\n<ul>\n<li><a role=\"link\" href=\"\/termodecolaboracao542024\/regulamento-de-contratacao-de-pessoal\">Regulamento de Contrata\u00e7\u00e3o de Pessoal<\/a><\/li>\n<li><a role=\"link\" href=\"\/termodecolaboracao542024\/regulamento-de-contratacao-para-as-alienacoes-aquisicoes-de-bens-e-contratacoes-de-obras-e-servicos\">Regulamento de contrata\u00e7\u00e3o para as aliena\u00e7\u00f5es, aquisi\u00e7\u00f5es de bens e contrata\u00e7\u00f5es de obras e servi\u00e7os<\/a><\/li>\n<li><a role=\"link\" href=\"https:\/\/www.ouvidoriageral.go.gov.br\/#\/relatorio-estatistica?tipo=7&amp;orgao=43\" target=\"_blank\" rel=\"noopener noreferrer\">Relat\u00f3rio Anual de Pedidos de Acesso \u00e0 Informa\u00e7\u00e3o<\/a><\/li>\n<li><a role=\"link\" href=\"\/termodecolaboracao542024\/relatorio-da-comissao-de-avaliacao-ou-equivalente-da-unidade-supervisora\">Relat\u00f3rio da Comiss\u00e3o de Avalia\u00e7\u00e3o ou equivalente da unidade supervisora<\/a><\/li>\n<li><a role=\"link\" href=\"\/termodecolaboracao542024\/relatorios-das-acoes-de-controle-como-fiscalizacoes-inspecoes-e-auditorias\">Relat\u00f3rios das a\u00e7\u00f5es de controle, como fiscaliza\u00e7\u00f5es, inspe\u00e7\u00f5es e auditorias<\/a><\/li>\n<li><a role=\"link\" href=\"\/termodecolaboracao542024\/relatorio-de-auditoria-externa-sobre-as-demonstracoes-contabeis-e-financeiras\">Relat\u00f3rio de auditoria externa sobre as demonstra\u00e7\u00f5es cont\u00e1beis e financeiras<\/a><\/li>\n<li><a role=\"link\" href=\"https:\/\/goias.gov.br\/saude\/relatorios-estatisticos-de-pedidos-de-acesso-a-informacao\" target=\"_blank\" rel=\"noopener noreferrer\">Relat\u00f3rio de Pedidos de Acesso \u00e0 Informa\u00e7\u00e3o (Ouvidor SUS)<\/a><\/li>\n<li><a role=\"link\" href=\"\/termodecolaboracao542024\/relatorio-final-de-prestacao-de-contas\">Relat\u00f3rio Final de Presta\u00e7\u00e3o de Contas<\/a><\/li>\n<li><a role=\"link\" href=\"\/termodecolaboracao542024\/relatorio-gerencial-de-producao\">Relat\u00f3rio gerencial de produ\u00e7\u00e3o<\/a><\/li>\n<li><a role=\"link\" href=\"\/termodecolaboracao542024\/relatorio-mensal-comparativo-de-recursos-recebidos-gastos-e-devolvidos-ao-poder-publico\">Relat\u00f3rio mensal comparativo de recursos recebidos, gastos e devolvidos ao poder p\u00fablico<\/a><\/li>\n<li><a role=\"link\" href=\"\/termodecolaboracao542024\/relatorios-gerenciais\">Relat\u00f3rios gerenciais<\/a><\/li>\n<li><a role=\"link\" href=\"\/termodecolaboracao542024\/relatorios-mensais-e-anuais-de-suas-acoes-e-atividades\">Relat\u00f3rios mensais e anuais de suas a\u00e7\u00f5es e atividades<\/a><\/li>\n<li><a role=\"link\" href=\"\/termodecolaboracao542024\/relacao-mensal-dos-empregados-com-as-respectivas-remuneracoes\">Rela\u00e7\u00e3o mensal dos empregados com as respectivas remunera\u00e7\u00f5es<\/a><\/li>\n<li><a role=\"link\" href=\"\/termodecolaboracao542024\/relacao-mensal-dos-membros-da-diretoria-e-das-chefias-de-seu-organograma-com-suas-respectivas-remuneracoes\">Rela\u00e7\u00e3o mensal dos membros da Diretoria e das Chefias de seu organograma com suas respectivas remunera\u00e7\u00f5es<\/a><\/li>\n<li><a role=\"link\" href=\"\/termodecolaboracao542024\/relacao-mensal-dos-membros-dos-conselhos-de-administracao-e-fiscal-com-as-respectivas-ajudas-de-custo\">Rela\u00e7\u00e3o Mensal dos Membros dos Conselhos de Administra\u00e7\u00e3o e Fiscal com as Respectivas Ajudas de Custo<\/a><\/li>\n<li><a role=\"link\" href=\"\/termodecolaboracao542024\/relacao-mensal-dos-servidores-cedidos-com-as-respectivas-remuneracoes\">Rela\u00e7\u00e3o mensal dos servidores cedidos com as respectivas remunera\u00e7\u00f5es<\/a><\/li>\n<li><a role=\"link\" href=\"\/termodecolaboracao542024\/relacao-mensal-dos-servidores-devolvidos\">Rela\u00e7\u00e3o mensal dos servidores devolvidos<\/a><\/li>\n<\/ul>\n<h2><strong><br \/>\nS<\/strong><\/h2>\n<ul>\n<li><a role=\"link\" href=\"https:\/\/goias.gov.br\/saude\/servicos-de-saude\" target=\"_blank\" rel=\"noopener\">Servi\u00e7os de Sa\u00fade<\/a><\/li>\n<li><a role=\"link\" href=\"https:\/\/vaptvupt.go.gov.br\/unidades\" target=\"_blank\" rel=\"noopener noreferrer\">SIC F\u00edsico \u2013 Unidades do Vapt Vupt<\/a><\/li>\n<\/ul>\n<h2><strong><br \/>\nT<\/strong><\/h2>\n<ul>\n<li><a role=\"link\" href=\"\/termodecolaboracao542024\/telefones-e-mails-enderecos-e-horarios-de-atendimento\" rel=\"noreferrer\">Telefones, e-mails, endere\u00e7os e hor\u00e1rios de atendimento<\/a><\/li>\n<li><a role=\"link\" href=\"\/termodecolaboracao542024\/termo-de-colaboracao-e-ou-fomento-e-aditivos\" rel=\"noreferrer\">Termo de colabora\u00e7\u00e3o e\/ou Fomento e aditivos<\/a><\/li>\n<\/ul>\n","protected":false},"excerpt":{"rendered":"<p>Voc\u00ea est\u00e1 aqui: Home &gt; Mapa do Site A Acessibilidade Atas de reuni\u00f5es Ato Convocat\u00f3rio e Avisos de sele\u00e7\u00e3o p\u00fablica para recrutamento e sele\u00e7\u00e3o de empregados e seus respectivos resultados Atos convocat\u00f3rios concernentes \u00e0s aliena\u00e7\u00f5es, aquisi\u00e7\u00f5es de bens, contrata\u00e7\u00f5es de obras e servi\u00e7os e seus respectivos resultados B Bens im\u00f3veis Bens m\u00f3veis C Compet\u00eancias previstas [&hellip;]<\/p>\n","protected":false},"author":20,"featured_media":0,"parent":0,"menu_order":0,"comment_status":"closed","ping_status":"closed","template":"","meta":{"_et_pb_use_builder":"","_et_pb_old_content":"","_et_gb_content_width":"","footnotes":""},"class_list":["post-8027","page","type-page","status-publish","hentry"],"_links":{"self":[{"href":"https:\/\/hugo.org.br\/termodecolaboracao542024\/wp-json\/wp\/v2\/pages\/8027","targetHints":{"allow":["GET"]}}],"collection":[{"href":"https:\/\/hugo.org.br\/termodecolaboracao542024\/wp-json\/wp\/v2\/pages"}],"about":[{"href":"https:\/\/hugo.org.br\/termodecolaboracao542024\/wp-json\/wp\/v2\/types\/page"}],"author":[{"embeddable":true,"href":"https:\/\/hugo.org.br\/termodecolaboracao542024\/wp-json\/wp\/v2\/users\/20"}],"replies":[{"embeddable":true,"href":"https:\/\/hugo.org.br\/termodecolaboracao542024\/wp-json\/wp\/v2\/comments?post=8027"}],"version-history":[{"count":15,"href":"https:\/\/hugo.org.br\/termodecolaboracao542024\/wp-json\/wp\/v2\/pages\/8027\/revisions"}],"predecessor-version":[{"id":11933,"href":"https:\/\/hugo.org.br\/termodecolaboracao542024\/wp-json\/wp\/v2\/pages\/8027\/revisions\/11933"}],"wp:attachment":[{"href":"https:\/\/hugo.org.br\/termodecolaboracao542024\/wp-json\/wp\/v2\/media?parent=8027"}],"curies":[{"name":"wp","href":"https:\/\/api.w.org\/{rel}","templated":true}]}}