{"id":8257,"date":"2022-12-13T09:44:17","date_gmt":"2022-12-13T12:44:17","guid":{"rendered":"https:\/\/hugo.org.br\/?page_id=8257"},"modified":"2024-02-08T15:30:00","modified_gmt":"2024-02-08T18:30:00","slug":"acessibilidade","status":"publish","type":"page","link":"https:\/\/hugo.org.br\/termodecolaboracao542024\/acessibilidade\/","title":{"rendered":"Acessibilidade"},"content":{"rendered":"<p class=\"header nomargintop\">Na parte lateral direita do site, identificado pelo s\u00edmbolo internacional de acessibilidade na web, \u00e9 poss\u00edvel acionar um menu onde est\u00e3o os atalhos de navega\u00e7\u00e3o padronizados e fun\u00e7\u00f5es tais como alterar o contraste, aumentar a fonte, etc.<\/p>\n<div class=\"body\">\n<p>&nbsp;<\/p>\n<p style=\"text-align: center;\"><a href=\"https:\/\/hugo.org.br\/termodecolaboracao542024\/wp-content\/uploads\/2024\/01\/ico-acessibilidade.png\"><img loading=\"lazy\" decoding=\"async\" class=\"alignnone size-full wp-image-10476\" src=\"https:\/\/hugo.org.br\/termodecolaboracao542024\/wp-content\/uploads\/2024\/01\/ico-acessibilidade.png\" alt=\"\" width=\"48\" height=\"48\" srcset=\"https:\/\/hugo.org.br\/termodecolaboracao542024\/wp-content\/uploads\/2024\/01\/ico-acessibilidade.png 48w, https:\/\/hugo.org.br\/termodecolaboracao542024\/wp-content\/uploads\/2024\/01\/ico-acessibilidade-24x24.png 24w, https:\/\/hugo.org.br\/termodecolaboracao542024\/wp-content\/uploads\/2024\/01\/ico-acessibilidade-36x36.png 36w\" sizes=\"(max-width: 48px) 100vw, 48px\" \/><\/a><br \/>\n<em>S\u00edmbolo internacional de acessibilidade na web.<\/em><\/p>\n<p>&nbsp;<\/p>\n<p>Essas ferramentas est\u00e3o dispon\u00edveis em todas as p\u00e1ginas do portal.<\/p>\n<p><strong>Atalhos pelo teclado:<br \/>\n<\/strong><br \/>\nTeclando-se\u00a0<strong>Ctrl +<\/strong>\u00a0aumenta a fonte.<br \/>\nTeclando-se\u00a0<strong>Ctrl &#8211;<\/strong>\u00a0diminui a fonte.<\/p>\n<p><strong>Leis e decretos sobre acessibilidade:<\/strong><\/p>\n<ul>\n<li><a href=\"http:\/\/www.planalto.gov.br\/ccivil_03\/_ato2015-2018\/2015\/lei\/l13146.htm\">Lei n\u00ba 13.146, de 6 de Julho de 2015<\/a>\u00a0&#8211; Institui a Lei Brasileira de Inclus\u00e3o da Pessoa com Defici\u00eancia (Estatuto da Pessoa com Defici\u00eancia).<\/li>\n<li><a href=\"https:\/\/www.governodigital.gov.br\/documentos-e-arquivos\/portaria3_eMAG.pdf\">Portaria n\u00ba 03, de 07 de Maio de 2007<\/a>\u00a0&#8211; formato .pdf (35,5Kb) &#8211; Institucionaliza o Modelo de Acessibilidade em Governo Eletr\u00f4nico \u2013 eMAG<\/li>\n<li><a href=\"https:\/\/www.w3.org\/Translations\/WCAG20-pt-br\/\">WCAG 2.0 de 2008<\/a>\u00a0&#8211; Diretrizes de Acessibilidade para Conte\u00fado Web do Cons\u00f3rcio World Wide Web.<\/li>\n<li><a href=\"http:\/\/www.planalto.gov.br\/ccivil_03\/_ato2011-2014\/2012\/decreto\/d7724.htm\">Decreto n\u00ba 7.724, de 16 de Maio de 2012<\/a>\u00a0&#8211; Regulamenta a Lei No 12.527, que disp\u00f5e sobre o acesso a informa\u00e7\u00f5es.<\/li>\n<li><a href=\"http:\/\/www.planalto.gov.br\/ccivil_03\/_ato2007-2010\/2009\/decreto\/d6949.htm\">Decreto n\u00ba 6.949, de 25 de agosto de 2009<\/a>\u00a0&#8211; Promulga a Conven\u00e7\u00e3o Internacional sobre os Direitos das Pessoas com Defici\u00eancia e seu Protocolo Facultativo, assinados em Nova York, em 30 de mar\u00e7o de 2007.<\/li>\n<li><a href=\"http:\/\/www.planalto.gov.br\/ccivil_03\/_Ato2004-2006\/2004\/Decreto\/D5296.htm\">Decreto n\u00ba 5.296 de 02 de dezembro de 2004<\/a>\u00a0&#8211; Regulamenta as Leis nos 10.048, de 8 de novembro de 2000, que d\u00e1 prioridade de atendimento \u00e0s pessoas que especifica, e 10.098, de 19 de dezembro de 2000, que estabelece normas gerais e crit\u00e9rios b\u00e1sicos para a promo\u00e7\u00e3o da acessibilidade das pessoas portadoras de defici\u00eancia ou com mobilidade reduzida, e d\u00e1 outras provid\u00eancias.<\/li>\n<\/ul>\n<\/div>\n","protected":false},"excerpt":{"rendered":"<p>Na parte lateral direita do site, identificado pelo s\u00edmbolo internacional de acessibilidade na web, \u00e9 poss\u00edvel acionar um menu onde est\u00e3o os atalhos de navega\u00e7\u00e3o padronizados e fun\u00e7\u00f5es tais como alterar o contraste, aumentar a fonte, etc. &nbsp; S\u00edmbolo internacional de acessibilidade na web. &nbsp; Essas ferramentas est\u00e3o dispon\u00edveis em todas as p\u00e1ginas do portal. [&hellip;]<\/p>\n","protected":false},"author":20,"featured_media":0,"parent":0,"menu_order":0,"comment_status":"closed","ping_status":"closed","template":"","meta":{"_et_pb_use_builder":"","_et_pb_old_content":"","_et_gb_content_width":"","footnotes":""},"class_list":["post-8257","page","type-page","status-publish","hentry"],"_links":{"self":[{"href":"https:\/\/hugo.org.br\/termodecolaboracao542024\/wp-json\/wp\/v2\/pages\/8257","targetHints":{"allow":["GET"]}}],"collection":[{"href":"https:\/\/hugo.org.br\/termodecolaboracao542024\/wp-json\/wp\/v2\/pages"}],"about":[{"href":"https:\/\/hugo.org.br\/termodecolaboracao542024\/wp-json\/wp\/v2\/types\/page"}],"author":[{"embeddable":true,"href":"https:\/\/hugo.org.br\/termodecolaboracao542024\/wp-json\/wp\/v2\/users\/20"}],"replies":[{"embeddable":true,"href":"https:\/\/hugo.org.br\/termodecolaboracao542024\/wp-json\/wp\/v2\/comments?post=8257"}],"version-history":[{"count":8,"href":"https:\/\/hugo.org.br\/termodecolaboracao542024\/wp-json\/wp\/v2\/pages\/8257\/revisions"}],"predecessor-version":[{"id":10679,"href":"https:\/\/hugo.org.br\/termodecolaboracao542024\/wp-json\/wp\/v2\/pages\/8257\/revisions\/10679"}],"wp:attachment":[{"href":"https:\/\/hugo.org.br\/termodecolaboracao542024\/wp-json\/wp\/v2\/media?parent=8257"}],"curies":[{"name":"wp","href":"https:\/\/api.w.org\/{rel}","templated":true}]}}