{"id":8841,"date":"2023-01-19T18:01:31","date_gmt":"2023-01-19T21:01:31","guid":{"rendered":"https:\/\/hugo.org.br\/?page_id=8841"},"modified":"2023-01-19T18:30:39","modified_gmt":"2023-01-19T21:30:39","slug":"prontuario","status":"publish","type":"page","link":"https:\/\/hugo.org.br\/termodecolaboracao542024\/prontuario\/","title":{"rendered":"Solicita\u00e7\u00e3o de Prontu\u00e1rio"},"content":{"rendered":"<h3><i class=\"fas fa-clipboard-list\"><\/i><\/h3>\n<p>Se voc\u00ea foi atendido no Hospital de Urg\u00eancias de Goi\u00e1s e precisa solicitar seu prontu\u00e1rio clique <a href=\"https:\/\/docs.google.com\/forms\/d\/1OiNV7lZY0iF6371gRBBV89FS87TbTyOZ0YVUO-V8wAw\/edit\">aqui<\/a>.<\/p>\n","protected":false},"excerpt":{"rendered":"<p>Se voc\u00ea foi atendido no Hospital de Urg\u00eancias de Goi\u00e1s e precisa solicitar seu prontu\u00e1rio clique aqui.<\/p>\n","protected":false},"author":20,"featured_media":0,"parent":0,"menu_order":0,"comment_status":"closed","ping_status":"closed","template":"","meta":{"_et_pb_use_builder":"","_et_pb_old_content":"","_et_gb_content_width":"","footnotes":""},"class_list":["post-8841","page","type-page","status-publish","hentry"],"_links":{"self":[{"href":"https:\/\/hugo.org.br\/termodecolaboracao542024\/wp-json\/wp\/v2\/pages\/8841","targetHints":{"allow":["GET"]}}],"collection":[{"href":"https:\/\/hugo.org.br\/termodecolaboracao542024\/wp-json\/wp\/v2\/pages"}],"about":[{"href":"https:\/\/hugo.org.br\/termodecolaboracao542024\/wp-json\/wp\/v2\/types\/page"}],"author":[{"embeddable":true,"href":"https:\/\/hugo.org.br\/termodecolaboracao542024\/wp-json\/wp\/v2\/users\/20"}],"replies":[{"embeddable":true,"href":"https:\/\/hugo.org.br\/termodecolaboracao542024\/wp-json\/wp\/v2\/comments?post=8841"}],"version-history":[{"count":12,"href":"https:\/\/hugo.org.br\/termodecolaboracao542024\/wp-json\/wp\/v2\/pages\/8841\/revisions"}],"predecessor-version":[{"id":8854,"href":"https:\/\/hugo.org.br\/termodecolaboracao542024\/wp-json\/wp\/v2\/pages\/8841\/revisions\/8854"}],"wp:attachment":[{"href":"https:\/\/hugo.org.br\/termodecolaboracao542024\/wp-json\/wp\/v2\/media?parent=8841"}],"curies":[{"name":"wp","href":"https:\/\/api.w.org\/{rel}","templated":true}]}}