{"id":9183,"date":"2023-05-04T14:21:16","date_gmt":"2023-05-04T17:21:16","guid":{"rendered":"https:\/\/hugo.org.br\/?page_id=9183"},"modified":"2023-05-04T19:17:39","modified_gmt":"2023-05-04T22:17:39","slug":"diretrizesepoliticas","status":"publish","type":"page","link":"https:\/\/hugo.org.br\/termodecolaboracao542024\/diretrizesepoliticas\/","title":{"rendered":"Diretrizes e Pol\u00edticas"},"content":{"rendered":"<ul style=\"list-style-type: square;\">\n<li><a href=\"https:\/\/hugo.org.br\/termodecolaboracao542024\/wp-content\/uploads\/2023\/05\/Manual-do-Colaborador.pdf\">Manual do Colaborador<\/a><\/li>\n<li><a href=\"https:\/\/hugo.org.br\/termodecolaboracao542024\/wp-content\/uploads\/2023\/05\/MAN.NQSP_.005-00-DIREITO-DE-IMAGEM-VALIDADO.pdf\">Manual &#8211; Direito de Imagem<\/a><\/li>\n<li><a href=\"https:\/\/hugo.org.br\/termodecolaboracao542024\/wp-content\/uploads\/2023\/05\/PLN.NQSP_.004-POLITICA-DE-SEGURANCA-DO-PACIENTE-VALIDADO.pdf\">Plano &#8211; Seguran\u00e7a do paciente<\/a><\/li>\n<li><a href=\"https:\/\/hugo.org.br\/termodecolaboracao542024\/wp-content\/uploads\/2023\/05\/POLITICA-FINANCEIRA-ICEM.pdf\">Pol\u00edtica e regulamento interno financeiro e or\u00e7ament\u00e1rio &#8211; ICEM<\/a><\/li>\n<li><a href=\"https:\/\/hugo.org.br\/termodecolaboracao542024\/wp-content\/uploads\/2023\/05\/POL.COPE_.001-00-POLITICA-AMBIENTAL-VALIDADO.pdf\">Pol\u00edtica &#8211; Ambiental<\/a><\/li>\n<li><a href=\"https:\/\/hugo.org.br\/termodecolaboracao542024\/wp-content\/uploads\/2023\/05\/POL.COM_.001-00-POLITICA-DE-COMUNICACAO-VALIDADO.pdf\">Pol\u00edtica &#8211; Comunica\u00e7\u00e3o<\/a><\/li>\n<li><a href=\"https:\/\/hugo.org.br\/termodecolaboracao542024\/wp-content\/uploads\/2023\/05\/POL.DGE_.002-00-HUMANIZACAO-VALIDADO.pdf\">Pol\u00edtica &#8211; Humaniza\u00e7\u00e3o<\/a><\/li>\n<li><a href=\"https:\/\/hugo.org.br\/termodecolaboracao542024\/wp-content\/uploads\/2023\/05\/POL.NQSP_.001-00-POLITICA-DA-QUALIDADE-VALIDADO.pdf\">Pol\u00edtica &#8211; Qualidade<\/a><\/li>\n<li><a href=\"https:\/\/hugo.org.br\/termodecolaboracao542024\/wp-content\/uploads\/2023\/05\/POLITICA-DE-RECURSOS-HUMANOS-VALIDADO.pdf\">Pol\u00edtica &#8211; Recursos Humanos<\/a><\/li>\n<li><a href=\"https:\/\/hugo.org.br\/termodecolaboracao542024\/wp-content\/uploads\/2023\/05\/PROSTI1.pdf\">Pol\u00edtica &#8211; Seguran\u00e7a da informa\u00e7\u00e3o<\/a><\/li>\n<li><a href=\"https:\/\/hugo.org.br\/termodecolaboracao542024\/wp-content\/uploads\/2023\/05\/REGIME1.pdf\">Qualifica\u00e7\u00e3o e avalia\u00e7\u00e3o de fornecedores e prestadores de servi\u00e7os &#8211; ICEM<\/a><\/li>\n<li><a href=\"https:\/\/hugo.org.br\/termodecolaboracao542024\/wp-content\/uploads\/2023\/05\/REGULAMENTO-INTERNO-CEM-2023_HUGO_.pdf\">Regulamento interno n\u00ba 01\/2023<\/a><\/li>\n<\/ul>\n","protected":false},"excerpt":{"rendered":"<p>Manual do Colaborador Manual &#8211; Direito de Imagem Plano &#8211; Seguran\u00e7a do paciente Pol\u00edtica e regulamento interno financeiro e or\u00e7ament\u00e1rio &#8211; ICEM Pol\u00edtica &#8211; Ambiental Pol\u00edtica &#8211; Comunica\u00e7\u00e3o Pol\u00edtica &#8211; Humaniza\u00e7\u00e3o Pol\u00edtica &#8211; Qualidade Pol\u00edtica &#8211; Recursos Humanos Pol\u00edtica &#8211; Seguran\u00e7a da informa\u00e7\u00e3o Qualifica\u00e7\u00e3o e avalia\u00e7\u00e3o de fornecedores e prestadores de servi\u00e7os &#8211; ICEM Regulamento [&hellip;]<\/p>\n","protected":false},"author":20,"featured_media":0,"parent":0,"menu_order":0,"comment_status":"closed","ping_status":"closed","template":"","meta":{"_et_pb_use_builder":"","_et_pb_old_content":"","_et_gb_content_width":"","footnotes":""},"class_list":["post-9183","page","type-page","status-publish","hentry"],"_links":{"self":[{"href":"https:\/\/hugo.org.br\/termodecolaboracao542024\/wp-json\/wp\/v2\/pages\/9183","targetHints":{"allow":["GET"]}}],"collection":[{"href":"https:\/\/hugo.org.br\/termodecolaboracao542024\/wp-json\/wp\/v2\/pages"}],"about":[{"href":"https:\/\/hugo.org.br\/termodecolaboracao542024\/wp-json\/wp\/v2\/types\/page"}],"author":[{"embeddable":true,"href":"https:\/\/hugo.org.br\/termodecolaboracao542024\/wp-json\/wp\/v2\/users\/20"}],"replies":[{"embeddable":true,"href":"https:\/\/hugo.org.br\/termodecolaboracao542024\/wp-json\/wp\/v2\/comments?post=9183"}],"version-history":[{"count":6,"href":"https:\/\/hugo.org.br\/termodecolaboracao542024\/wp-json\/wp\/v2\/pages\/9183\/revisions"}],"predecessor-version":[{"id":9217,"href":"https:\/\/hugo.org.br\/termodecolaboracao542024\/wp-json\/wp\/v2\/pages\/9183\/revisions\/9217"}],"wp:attachment":[{"href":"https:\/\/hugo.org.br\/termodecolaboracao542024\/wp-json\/wp\/v2\/media?parent=9183"}],"curies":[{"name":"wp","href":"https:\/\/api.w.org\/{rel}","templated":true}]}}