{"id":9185,"date":"2023-05-04T14:21:45","date_gmt":"2023-05-04T17:21:45","guid":{"rendered":"https:\/\/hugo.org.br\/?page_id=9185"},"modified":"2023-05-04T19:08:29","modified_gmt":"2023-05-04T22:08:29","slug":"compliance","status":"publish","type":"page","link":"https:\/\/hugo.org.br\/termodecolaboracao542024\/compliance\/","title":{"rendered":"Compliance"},"content":{"rendered":"<ul style=\"list-style-type: square;\">\n<li><a href=\"https:\/\/hugo.org.br\/termodecolaboracao542024\/wp-content\/uploads\/2023\/05\/Codigo_de_Conduta_Etica_-_ICEM-1.pdf\">C\u00f3digo de conduta \u00e9tica<\/a><\/li>\n<li><a href=\"https:\/\/hugo.org.br\/termodecolaboracao542024\/wp-content\/uploads\/2023\/05\/portaria-compliance.pdf\">Portaria Interna n\u00ba 098\/2022 &#8211; Constitui o C\u00f4nite de Compliance do Hospital de Urg\u00eancias de Goi\u00e1s Dr. Valdemiro Cruz &#8211; HUGO e ratifica os demais dispostitivos.<\/a><\/li>\n<li><a href=\"https:\/\/hugo.org.br\/termodecolaboracao542024\/wp-content\/uploads\/2023\/05\/DOC-20230114-WA0039..pdf\">Programa de preven\u00e7\u00e3o ao ass\u00e9dio moral, sexual e discrimina\u00e7\u00e3o<\/a><\/li>\n<li><a href=\"https:\/\/hugo.org.br\/termodecolaboracao542024\/wp-content\/uploads\/2023\/05\/POL.DGE_.001-00-Gestao-de-Riscos-e-Controles-Internos-VALIDADO.pdf\">Programa &#8211; Gest\u00e3o de riscos e controles internos<\/a><\/li>\n<li><a href=\"https:\/\/hugo.org.br\/termodecolaboracao542024\/wp-content\/uploads\/2023\/05\/PGM.NQSP_.001-00-PROGRAMA-INTEGRIDADE-COMPLIANCE-VALIDADO.pdf\">Programa &#8211; Integridade<\/a><\/li>\n<\/ul>\n","protected":false},"excerpt":{"rendered":"<p>C\u00f3digo de conduta \u00e9tica Portaria Interna n\u00ba 098\/2022 &#8211; Constitui o C\u00f4nite de Compliance do Hospital de Urg\u00eancias de Goi\u00e1s Dr. Valdemiro Cruz &#8211; HUGO e ratifica os demais dispostitivos. Programa de preven\u00e7\u00e3o ao ass\u00e9dio moral, sexual e discrimina\u00e7\u00e3o Programa &#8211; Gest\u00e3o de riscos e controles internos Programa &#8211; Integridade<\/p>\n","protected":false},"author":20,"featured_media":0,"parent":0,"menu_order":0,"comment_status":"closed","ping_status":"closed","template":"","meta":{"_et_pb_use_builder":"","_et_pb_old_content":"","_et_gb_content_width":"","footnotes":""},"class_list":["post-9185","page","type-page","status-publish","hentry"],"_links":{"self":[{"href":"https:\/\/hugo.org.br\/termodecolaboracao542024\/wp-json\/wp\/v2\/pages\/9185","targetHints":{"allow":["GET"]}}],"collection":[{"href":"https:\/\/hugo.org.br\/termodecolaboracao542024\/wp-json\/wp\/v2\/pages"}],"about":[{"href":"https:\/\/hugo.org.br\/termodecolaboracao542024\/wp-json\/wp\/v2\/types\/page"}],"author":[{"embeddable":true,"href":"https:\/\/hugo.org.br\/termodecolaboracao542024\/wp-json\/wp\/v2\/users\/20"}],"replies":[{"embeddable":true,"href":"https:\/\/hugo.org.br\/termodecolaboracao542024\/wp-json\/wp\/v2\/comments?post=9185"}],"version-history":[{"count":6,"href":"https:\/\/hugo.org.br\/termodecolaboracao542024\/wp-json\/wp\/v2\/pages\/9185\/revisions"}],"predecessor-version":[{"id":9216,"href":"https:\/\/hugo.org.br\/termodecolaboracao542024\/wp-json\/wp\/v2\/pages\/9185\/revisions\/9216"}],"wp:attachment":[{"href":"https:\/\/hugo.org.br\/termodecolaboracao542024\/wp-json\/wp\/v2\/media?parent=9185"}],"curies":[{"name":"wp","href":"https:\/\/api.w.org\/{rel}","templated":true}]}}